{"id":15620,"date":"2025-11-04T21:20:52","date_gmt":"2025-11-04T21:20:52","guid":{"rendered":"https:\/\/congresogro.gob.mx\/inicio\/?page_id=15620"},"modified":"2025-11-04T21:25:14","modified_gmt":"2025-11-04T21:25:14","slug":"convocatoria-para-el-proceso-de-seleccion-y-designacion-de-las-o-los-consejeros-del-consejo-de-politicas-publicas-del-estado-de-guerrero","status":"publish","type":"page","link":"https:\/\/congresogro.gob.mx\/inicio\/convocatoria-para-el-proceso-de-seleccion-y-designacion-de-las-o-los-consejeros-del-consejo-de-politicas-publicas-del-estado-de-guerrero\/","title":{"rendered":"Convocatoria para el proceso de selecci\u00f3n y designaci\u00f3n de las o los Consejeros del Consejo de Pol\u00edticas P\u00fablicas del Estado de Guerrero"},"content":{"rendered":"\t\t<div data-elementor-type=\"wp-page\" data-elementor-id=\"15620\" class=\"elementor elementor-15620\">\n\t\t\t\t<div class=\"elementor-element elementor-element-15987cb e-flex e-con-boxed e-con e-parent\" data-id=\"15987cb\" data-element_type=\"container\">\n\t\t\t\t\t<div class=\"e-con-inner\">\n\t\t\t\t<div class=\"elementor-element elementor-element-c27fcb9 elementor-widget elementor-widget-n-accordion\" data-id=\"c27fcb9\" data-element_type=\"widget\" data-settings=\"{&quot;default_state&quot;:&quot;all_collapsed&quot;,&quot;max_items_expended&quot;:&quot;one&quot;,&quot;n_accordion_animation_duration&quot;:{&quot;unit&quot;:&quot;ms&quot;,&quot;size&quot;:400,&quot;sizes&quot;:[]}}\" data-widget_type=\"nested-accordion.default\">\n\t\t\t\t<div class=\"elementor-widget-container\">\n\t\t\t\t\t<div class=\"e-n-accordion\" aria-label=\"Accordion. Open links with Enter or Space, close with Escape, and navigate with Arrow Keys\">\n\t\t\t\t\t\t<details id=\"e-n-accordion-item-2030\" class=\"e-n-accordion-item\" >\n\t\t\t\t<summary class=\"e-n-accordion-item-title\" data-accordion-index=\"1\" tabindex=\"0\" aria-expanded=\"false\" aria-controls=\"e-n-accordion-item-2030\" >\n\t\t\t\t\t<span class='e-n-accordion-item-title-header'><div class=\"e-n-accordion-item-title-text\"> Convocatoria <\/div><\/span>\n\t\t\t\t\t\t\t<span class='e-n-accordion-item-title-icon'>\n\t\t\t<span class='e-opened' ><svg aria-hidden=\"true\" class=\"e-font-icon-svg e-fas-minus\" viewBox=\"0 0 448 512\" xmlns=\"http:\/\/www.w3.org\/2000\/svg\"><path d=\"M416 208H32c-17.67 0-32 14.33-32 32v32c0 17.67 14.33 32 32 32h384c17.67 0 32-14.33 32-32v-32c0-17.67-14.33-32-32-32z\"><\/path><\/svg><\/span>\n\t\t\t<span class='e-closed'><svg aria-hidden=\"true\" class=\"e-font-icon-svg e-fas-plus\" viewBox=\"0 0 448 512\" xmlns=\"http:\/\/www.w3.org\/2000\/svg\"><path d=\"M416 208H272V64c0-17.67-14.33-32-32-32h-32c-17.67 0-32 14.33-32 32v144H32c-17.67 0-32 14.33-32 32v32c0 17.67 14.33 32 32 32h144v144c0 17.67 14.33 32 32 32h32c17.67 0 32-14.33 32-32V304h144c17.67 0 32-14.33 32-32v-32c0-17.67-14.33-32-32-32z\"><\/path><\/svg><\/span>\n\t\t<\/span>\n\n\t\t\t\t\t\t<\/summary>\n\t\t\t\t<div role=\"region\" aria-labelledby=\"e-n-accordion-item-2030\" class=\"elementor-element elementor-element-c2e0c62 e-con-full e-flex e-con e-child\" data-id=\"c2e0c62\" data-element_type=\"container\">\n\t\t<div role=\"region\" aria-labelledby=\"e-n-accordion-item-2030\" class=\"elementor-element elementor-element-3c6ac87 e-flex e-con-boxed e-con e-child\" data-id=\"3c6ac87\" data-element_type=\"container\">\n\t\t\t\t\t<div class=\"e-con-inner\">\n\t\t\t\t<div class=\"elementor-element elementor-element-769bf11 elementor-widget elementor-widget-text-editor\" data-id=\"769bf11\" data-element_type=\"widget\" data-widget_type=\"text-editor.default\">\n\t\t\t\t<div class=\"elementor-widget-container\">\n\t\t\t\t\t\t\t<div class=\"wp-block-file\"><object class=\"wp-block-file__embed\" style=\"width: 100%; height: 600px;\" data=\"https:\/\/congresogro.gob.mx\/inicio\/wp-content\/uploads\/2025\/11\/CONVOCATORIA-PARA-EL-PROCESO-DE-SELECCIO\u0301N-Y-DESIGNACIO\u0301N-DE-LAS-O-LOS-CONSEJEROS-DEL-CONSEJO-DE-POLI\u0301TICAS-PU\u0301BLICAS-DEL-ESTADO-DE-GUERRERO.pdf\" type=\"application\/pdf\" width=\"300\" height=\"150\" aria-label=\"CONVOCATORIA PARA EL PROCESO DE SELECCIO\u0301N Y DESIGNACIO\u0301N DE LAS O LOS CONSEJEROS DEL CONSEJO DE POL\u00cdTICAS P\u00daBLIAS DEL ESTADO DE GUERRERO\"><\/object><a id=\"wp-block-file--media-1922a720-eda3-4a03-a07e-a8000adaed21\" href=\"https:\/\/congresogro.gob.mx\/inicio\/wp-content\/uploads\/2025\/11\/CONVOCATORIA-PARA-EL-PROCESO-DE-SELECCIO\u0301N-Y-DESIGNACIO\u0301N-DE-LAS-O-LOS-CONSEJEROS-DEL-CONSEJO-DE-POLI\u0301TICAS-PU\u0301BLICAS-DEL-ESTADO-DE-GUERRERO.pdf\"><\/a><a class=\"wp-block-file__button wp-element-button\" href=\"https:\/\/congresogro.gob.mx\/inicio\/wp-content\/uploads\/2025\/11\/CONVOCATORIA-PARA-EL-PROCESO-DE-SELECCIO\u0301N-Y-DESIGNACIO\u0301N-DE-LAS-O-LOS-CONSEJEROS-DEL-CONSEJO-DE-POLI\u0301TICAS-PU\u0301BLICAS-DEL-ESTADO-DE-GUERRERO.pdf\" download=\"\" aria-describedby=\"wp-block-file--media-1922a720-eda3-4a03-a07e-a8000adaed21\">Descarga<\/a><\/div>\t\t\t\t\t\t<\/div>\n\t\t\t\t<\/div>\n\t\t\t\t\t<\/div>\n\t\t\t\t<\/div>\n\t\t\t\t<\/div>\n\t\t\t\t\t<\/details>\n\t\t\t\t\t\t<details id=\"e-n-accordion-item-2031\" class=\"e-n-accordion-item\" >\n\t\t\t\t<summary class=\"e-n-accordion-item-title\" data-accordion-index=\"2\" tabindex=\"-1\" aria-expanded=\"false\" aria-controls=\"e-n-accordion-item-2031\" >\n\t\t\t\t\t<span class='e-n-accordion-item-title-header'><div class=\"e-n-accordion-item-title-text\"> Lista de Aspirantes <\/div><\/span>\n\t\t\t\t\t\t\t<span class='e-n-accordion-item-title-icon'>\n\t\t\t<span class='e-opened' ><svg aria-hidden=\"true\" class=\"e-font-icon-svg e-fas-minus\" viewBox=\"0 0 448 512\" xmlns=\"http:\/\/www.w3.org\/2000\/svg\"><path d=\"M416 208H32c-17.67 0-32 14.33-32 32v32c0 17.67 14.33 32 32 32h384c17.67 0 32-14.33 32-32v-32c0-17.67-14.33-32-32-32z\"><\/path><\/svg><\/span>\n\t\t\t<span class='e-closed'><svg aria-hidden=\"true\" class=\"e-font-icon-svg e-fas-plus\" viewBox=\"0 0 448 512\" xmlns=\"http:\/\/www.w3.org\/2000\/svg\"><path d=\"M416 208H272V64c0-17.67-14.33-32-32-32h-32c-17.67 0-32 14.33-32 32v144H32c-17.67 0-32 14.33-32 32v32c0 17.67 14.33 32 32 32h144v144c0 17.67 14.33 32 32 32h32c17.67 0 32-14.33 32-32V304h144c17.67 0 32-14.33 32-32v-32c0-17.67-14.33-32-32-32z\"><\/path><\/svg><\/span>\n\t\t<\/span>\n\n\t\t\t\t\t\t<\/summary>\n\t\t\t\t<div role=\"region\" aria-labelledby=\"e-n-accordion-item-2031\" class=\"elementor-element elementor-element-184724a e-con-full e-flex e-con e-child\" data-id=\"184724a\" data-element_type=\"container\">\n\t\t<div role=\"region\" aria-labelledby=\"e-n-accordion-item-2031\" class=\"elementor-element elementor-element-bfd349a e-flex e-con-boxed e-con e-child\" data-id=\"bfd349a\" data-element_type=\"container\">\n\t\t\t\t\t<div class=\"e-con-inner\">\n\t\t\t\t<div class=\"elementor-element elementor-element-f4b77ca elementor-widget elementor-widget-text-editor\" data-id=\"f4b77ca\" data-element_type=\"widget\" data-widget_type=\"text-editor.default\">\n\t\t\t\t<div class=\"elementor-widget-container\">\n\t\t\t\t\t\t\t<p>Proximamente<\/p>\t\t\t\t\t\t<\/div>\n\t\t\t\t<\/div>\n\t\t\t\t\t<\/div>\n\t\t\t\t<\/div>\n\t\t\t\t<\/div>\n\t\t\t\t\t<\/details>\n\t\t\t\t\t<\/div>\n\t\t\t\t<\/div>\n\t\t\t\t<\/div>\n\t\t\t\t\t<\/div>\n\t\t\t\t<\/div>\n\t\t\t\t<\/div>\n\t\t","protected":false},"excerpt":{"rendered":"<p>Convocatoria Descarga Lista de Aspirantes Proximamente Descarga Proximamente<\/p>\n","protected":false},"author":1,"featured_media":0,"parent":0,"menu_order":0,"comment_status":"closed","ping_status":"closed","template":"","meta":{"_seopress_robots_primary_cat":"","_seopress_titles_title":"","_seopress_titles_desc":"","_seopress_robots_index":"","footnotes":""},"class_list":["post-15620","page","type-page","status-publish","hentry"],"_links":{"self":[{"href":"https:\/\/congresogro.gob.mx\/inicio\/wp-json\/wp\/v2\/pages\/15620","targetHints":{"allow":["GET"]}}],"collection":[{"href":"https:\/\/congresogro.gob.mx\/inicio\/wp-json\/wp\/v2\/pages"}],"about":[{"href":"https:\/\/congresogro.gob.mx\/inicio\/wp-json\/wp\/v2\/types\/page"}],"author":[{"embeddable":true,"href":"https:\/\/congresogro.gob.mx\/inicio\/wp-json\/wp\/v2\/users\/1"}],"replies":[{"embeddable":true,"href":"https:\/\/congresogro.gob.mx\/inicio\/wp-json\/wp\/v2\/comments?post=15620"}],"version-history":[{"count":4,"href":"https:\/\/congresogro.gob.mx\/inicio\/wp-json\/wp\/v2\/pages\/15620\/revisions"}],"predecessor-version":[{"id":15626,"href":"https:\/\/congresogro.gob.mx\/inicio\/wp-json\/wp\/v2\/pages\/15620\/revisions\/15626"}],"wp:attachment":[{"href":"https:\/\/congresogro.gob.mx\/inicio\/wp-json\/wp\/v2\/media?parent=15620"}],"curies":[{"name":"wp","href":"https:\/\/api.w.org\/{rel}","templated":true}]}}