{"id":13828,"date":"2025-05-22T20:38:03","date_gmt":"2025-05-22T20:38:03","guid":{"rendered":"https:\/\/congresogro.gob.mx\/inicio\/?page_id=13828"},"modified":"2025-09-25T16:04:11","modified_gmt":"2025-09-25T16:04:11","slug":"convocatoria-para-designacion-de-titular-de-la-comision-de-derechos-humanos-del-estado-de-guerrero","status":"publish","type":"page","link":"https:\/\/congresogro.gob.mx\/inicio\/convocatoria-para-designacion-de-titular-de-la-comision-de-derechos-humanos-del-estado-de-guerrero\/","title":{"rendered":"Convocatoria para designaci\u00f3n de Titular de la Comisi\u00f3n de Derechos Humanos del Estado de Guerrero"},"content":{"rendered":"\t\t<div data-elementor-type=\"wp-page\" data-elementor-id=\"13828\" class=\"elementor elementor-13828\">\n\t\t\t\t<div class=\"elementor-element elementor-element-0259f03 e-flex e-con-boxed e-con e-parent\" data-id=\"0259f03\" data-element_type=\"container\">\n\t\t\t\t\t<div class=\"e-con-inner\">\n\t\t\t\t<div class=\"elementor-element elementor-element-6efe62a elementor-widget elementor-widget-n-accordion\" data-id=\"6efe62a\" data-element_type=\"widget\" data-settings=\"{&quot;default_state&quot;:&quot;all_collapsed&quot;,&quot;max_items_expended&quot;:&quot;one&quot;,&quot;n_accordion_animation_duration&quot;:{&quot;unit&quot;:&quot;ms&quot;,&quot;size&quot;:400,&quot;sizes&quot;:[]}}\" data-widget_type=\"nested-accordion.default\">\n\t\t\t\t<div class=\"elementor-widget-container\">\n\t\t\t\t\t<div class=\"e-n-accordion\" aria-label=\"Accordion. Open links with Enter or Space, close with Escape, and navigate with Arrow Keys\">\n\t\t\t\t\t\t<details id=\"e-n-accordion-item-1160\" class=\"e-n-accordion-item\" >\n\t\t\t\t<summary class=\"e-n-accordion-item-title\" data-accordion-index=\"1\" tabindex=\"0\" aria-expanded=\"false\" aria-controls=\"e-n-accordion-item-1160\" >\n\t\t\t\t\t<span class='e-n-accordion-item-title-header'><div class=\"e-n-accordion-item-title-text\"> Convocatoria <\/div><\/span>\n\t\t\t\t\t\t\t<span class='e-n-accordion-item-title-icon'>\n\t\t\t<span class='e-opened' ><svg aria-hidden=\"true\" class=\"e-font-icon-svg e-fas-minus\" viewBox=\"0 0 448 512\" xmlns=\"http:\/\/www.w3.org\/2000\/svg\"><path d=\"M416 208H32c-17.67 0-32 14.33-32 32v32c0 17.67 14.33 32 32 32h384c17.67 0 32-14.33 32-32v-32c0-17.67-14.33-32-32-32z\"><\/path><\/svg><\/span>\n\t\t\t<span class='e-closed'><svg aria-hidden=\"true\" class=\"e-font-icon-svg e-fas-plus\" viewBox=\"0 0 448 512\" xmlns=\"http:\/\/www.w3.org\/2000\/svg\"><path d=\"M416 208H272V64c0-17.67-14.33-32-32-32h-32c-17.67 0-32 14.33-32 32v144H32c-17.67 0-32 14.33-32 32v32c0 17.67 14.33 32 32 32h144v144c0 17.67 14.33 32 32 32h32c17.67 0 32-14.33 32-32V304h144c17.67 0 32-14.33 32-32v-32c0-17.67-14.33-32-32-32z\"><\/path><\/svg><\/span>\n\t\t<\/span>\n\n\t\t\t\t\t\t<\/summary>\n\t\t\t\t<div role=\"region\" aria-labelledby=\"e-n-accordion-item-1160\" class=\"elementor-element elementor-element-173866f e-con-full e-flex e-con e-child\" data-id=\"173866f\" data-element_type=\"container\">\n\t\t<div role=\"region\" aria-labelledby=\"e-n-accordion-item-1160\" class=\"elementor-element elementor-element-38d135e e-flex e-con-boxed e-con e-child\" data-id=\"38d135e\" data-element_type=\"container\">\n\t\t\t\t\t<div class=\"e-con-inner\">\n\t\t\t\t<div class=\"elementor-element elementor-element-37c9da9 elementor-widget elementor-widget-text-editor\" data-id=\"37c9da9\" data-element_type=\"widget\" data-widget_type=\"text-editor.default\">\n\t\t\t\t<div class=\"elementor-widget-container\">\n\t\t\t\t\t\t\t<div class=\"wp-block-file\"><object class=\"wp-block-file__embed\" style=\"width: 100%; height: 600px;\" data=\"https:\/\/congresogro.gob.mx\/inicio\/wp-content\/uploads\/2025\/05\/CONVOCATORIA-COMISIO\u0301N-DERECHOS-HUMANOS-2025.pdf\" type=\"application\/pdf\" width=\"300\" height=\"150\" aria-label=\"CONVOCATORIA PARA EL PROCESO DE SELECCIO\u0301N Y DESIGNACIO\u0301N DE LA PRESIDENTA O EL PRESIDENTE DE LA COMISIO\u0301N DE LOS DERECHOS HUMANOS DEL ESTADO\"><\/object><a id=\"wp-block-file--media-1922a720-eda3-4a03-a07e-a8000adaed21\" href=\"https:\/\/congresogro.gob.mx\/inicio\/wp-content\/uploads\/2025\/05\/CONVOCATORIA-COMISIO\u0301N-DERECHOS-HUMANOS-2025.pdf\"><\/a><a class=\"wp-block-file__button wp-element-button\" href=\"https:\/\/congresogro.gob.mx\/inicio\/wp-content\/uploads\/2025\/05\/CONVOCATORIA-COMISIO\u0301N-DERECHOS-HUMANOS-2025.pdf\" download=\"\" aria-describedby=\"wp-block-file--media-1922a720-eda3-4a03-a07e-a8000adaed21\">Descarga<\/a><\/div>\t\t\t\t\t\t<\/div>\n\t\t\t\t<\/div>\n\t\t\t\t\t<\/div>\n\t\t\t\t<\/div>\n\t\t\t\t<\/div>\n\t\t\t\t\t<\/details>\n\t\t\t\t\t\t<details id=\"e-n-accordion-item-1161\" class=\"e-n-accordion-item\" >\n\t\t\t\t<summary class=\"e-n-accordion-item-title\" data-accordion-index=\"2\" tabindex=\"-1\" aria-expanded=\"false\" aria-controls=\"e-n-accordion-item-1161\" >\n\t\t\t\t\t<span class='e-n-accordion-item-title-header'><div class=\"e-n-accordion-item-title-text\"> Lista de Aspirantes <\/div><\/span>\n\t\t\t\t\t\t\t<span class='e-n-accordion-item-title-icon'>\n\t\t\t<span class='e-opened' ><svg aria-hidden=\"true\" class=\"e-font-icon-svg e-fas-minus\" viewBox=\"0 0 448 512\" xmlns=\"http:\/\/www.w3.org\/2000\/svg\"><path d=\"M416 208H32c-17.67 0-32 14.33-32 32v32c0 17.67 14.33 32 32 32h384c17.67 0 32-14.33 32-32v-32c0-17.67-14.33-32-32-32z\"><\/path><\/svg><\/span>\n\t\t\t<span class='e-closed'><svg aria-hidden=\"true\" class=\"e-font-icon-svg e-fas-plus\" viewBox=\"0 0 448 512\" xmlns=\"http:\/\/www.w3.org\/2000\/svg\"><path d=\"M416 208H272V64c0-17.67-14.33-32-32-32h-32c-17.67 0-32 14.33-32 32v144H32c-17.67 0-32 14.33-32 32v32c0 17.67 14.33 32 32 32h144v144c0 17.67 14.33 32 32 32h32c17.67 0 32-14.33 32-32V304h144c17.67 0 32-14.33 32-32v-32c0-17.67-14.33-32-32-32z\"><\/path><\/svg><\/span>\n\t\t<\/span>\n\n\t\t\t\t\t\t<\/summary>\n\t\t\t\t<div role=\"region\" aria-labelledby=\"e-n-accordion-item-1161\" class=\"elementor-element elementor-element-b468f39 e-con-full e-flex e-con e-child\" data-id=\"b468f39\" data-element_type=\"container\">\n\t\t<div role=\"region\" aria-labelledby=\"e-n-accordion-item-1161\" class=\"elementor-element elementor-element-1062266 e-flex e-con-boxed e-con e-child\" data-id=\"1062266\" data-element_type=\"container\">\n\t\t\t\t\t<div class=\"e-con-inner\">\n\t\t\t\t<div class=\"elementor-element elementor-element-6d8ff10 elementor-widget elementor-widget-text-editor\" data-id=\"6d8ff10\" data-element_type=\"widget\" data-widget_type=\"text-editor.default\">\n\t\t\t\t<div class=\"elementor-widget-container\">\n\t\t\t\t\t\t\t<table width=\"359\">\n<tbody>\n<tr>\n<td width=\"359\">Alberto Sierra Abrajan<\/td>\n<td width=\"359\"><a href=\"https:\/\/congresogro.gob.mx\/inicio\/wp-content\/uploads\/2025\/06\/FOLIO01-AlbertoSierraAbrajan.pdf\" target=\"_blank\" rel=\"noopener sponsored\">Ficha curricular<\/a><\/td>\n<\/tr>\n<tr>\n<td width=\"359\">Pedro Landa Moreno<\/td>\n<td width=\"359\"><a href=\"https:\/\/congresogro.gob.mx\/inicio\/wp-content\/uploads\/2025\/06\/FOLIO02-Pedro-Landa-Moreno-.pdf\" target=\"_blank\" rel=\"noopener sponsored\">Ficha curricular<\/a><\/td>\n<\/tr>\n<tr>\n<td width=\"359\">Audel Urbina Serrano<\/td>\n<td width=\"359\"><a href=\"https:\/\/congresogro.gob.mx\/inicio\/wp-content\/uploads\/2025\/06\/FOLIO03-Audel-Urbina-Serrano.pdf\" target=\"_blank\" rel=\"noopener sponsored\">Ficha curricular<\/a><\/td>\n<\/tr>\n<tr>\n<td width=\"359\">Jos\u00e9 Luis Navarro Jaimes<\/td>\n<td width=\"359\"><a href=\"https:\/\/congresogro.gob.mx\/inicio\/wp-content\/uploads\/2025\/06\/FOLIO04-Jose-Luis-Navarro-Jaimes-.pdf\" target=\"_blank\" rel=\"noopener sponsored\">Ficha curricular<\/a><\/td>\n<\/tr>\n<tr>\n<td width=\"359\">Cecilia Narciso Gayt\u00e1n<\/td>\n<td width=\"359\"><a href=\"https:\/\/congresogro.gob.mx\/inicio\/wp-content\/uploads\/2025\/06\/FOLIO05-Cecilia-Narciso-Gaytan.pdf\" target=\"_blank\" rel=\"noopener sponsored\">Ficha curricular<\/a><\/td>\n<\/tr>\n<tr>\n<td width=\"359\">Rom\u00e1n Jaimez Contreras<\/td>\n<td width=\"359\"><a href=\"https:\/\/congresogro.gob.mx\/inicio\/wp-content\/uploads\/2025\/06\/FOLIO06-Roman-Jaimez-Contreras.pdf\" target=\"_blank\" rel=\"noopener sponsored\">Ficha curricular<\/a><\/td>\n<\/tr>\n<tr>\n<td width=\"359\">Marisela Reyes Reyes<\/td>\n<td width=\"359\"><a href=\"https:\/\/congresogro.gob.mx\/inicio\/wp-content\/uploads\/2025\/06\/FOLIO07-Marisela-Reyes-Reyes.pdf\" target=\"_blank\" rel=\"noopener sponsored\">Ficha curricular<\/a><\/td>\n<\/tr>\n<tr>\n<td width=\"359\">Cuauht\u00e9moc Casta\u00f1eda Gorostieta<\/td>\n<td width=\"359\"><a href=\"https:\/\/congresogro.gob.mx\/inicio\/wp-content\/uploads\/2025\/06\/FOLIO08-Cuauhtemoc-Castaneda-Gorostieta.pdf\" target=\"_blank\" rel=\"noopener sponsored\">Ficha curricular<\/a><\/td>\n<\/tr>\n<tr>\n<td width=\"359\">Juan Silva Santana<\/td>\n<td width=\"359\"><a href=\"https:\/\/congresogro.gob.mx\/inicio\/wp-content\/uploads\/2025\/06\/FOLIO09-Juan-Silva-Santana.pdf\" target=\"_blank\" rel=\"noopener sponsored\">Ficha curricular<\/a><\/td>\n<\/tr>\n<tr>\n<td width=\"359\">Pascual\u00a0 Romero Garc\u00eda<\/td>\n<td width=\"359\"><a href=\"https:\/\/congresogro.gob.mx\/inicio\/wp-content\/uploads\/2025\/06\/FOLIO10-Pascual-Romero-Garcia.pdf\" target=\"_blank\" rel=\"noopener sponsored\">Ficha curricular<\/a><\/td>\n<\/tr>\n<tr>\n<td width=\"359\">Misael Gustavo Medrano Ortiz<\/td>\n<td width=\"359\"><a href=\"https:\/\/congresogro.gob.mx\/inicio\/wp-content\/uploads\/2025\/06\/FOLIO11-Misael-Gustavo-Medrano-Ortiz.pdf\" target=\"_blank\" rel=\"noopener sponsored\">Ficha curricular<\/a><\/td>\n<\/tr>\n<tr>\n<td width=\"359\">Diana Itzel Hern\u00e1ndez Hern\u00e1ndez<\/td>\n<td width=\"359\"><a href=\"https:\/\/congresogro.gob.mx\/inicio\/wp-content\/uploads\/2025\/06\/FOLIO12-Diana-Itzel-Hernandez-Hernandez.pdf\" target=\"_blank\" rel=\"noopener sponsored\">Ficha curricular<\/a><\/td>\n<\/tr>\n<tr>\n<td width=\"359\">Antonio V\u00e1zquez Casta\u00f1\u00f3n<\/td>\n<td width=\"359\"><a href=\"https:\/\/congresogro.gob.mx\/inicio\/wp-content\/uploads\/2025\/06\/FOLIO13-Antonio-Vazquez-Castanon.pdf\" target=\"_blank\" rel=\"noopener sponsored\">Ficha curricular<\/a><\/td>\n<\/tr>\n<tr>\n<td width=\"359\">Juan Jacobo Alarc\u00f3n N\u00e1jera<\/td>\n<td width=\"359\"><a href=\"https:\/\/congresogro.gob.mx\/inicio\/wp-content\/uploads\/2025\/06\/FOLIO14-Juan-Jacobo-Alarcon-Najera.pdf\" target=\"_blank\" rel=\"noopener sponsored\">Ficha curricular<\/a><\/td>\n<\/tr>\n<tr>\n<td width=\"359\">Fanny Ruth Lara Figueroa<\/td>\n<td width=\"359\"><a href=\"https:\/\/congresogro.gob.mx\/inicio\/wp-content\/uploads\/2025\/06\/FOLIO15-Fanny-Ruth-Lara-Figueroa.pdf\" target=\"_blank\" rel=\"noopener sponsored\">Ficha curricular<\/a><\/td>\n<\/tr>\n<tr>\n<td width=\"359\">Enriqueta Cuevas Bahena<\/td>\n<td width=\"359\"><a href=\"https:\/\/congresogro.gob.mx\/inicio\/wp-content\/uploads\/2025\/06\/FOLIO16-Enriqueta-Cuevas-Bahena.pdf\" target=\"_blank\" rel=\"noopener sponsored\">Ficha curricular<\/a><\/td>\n<\/tr>\n<tr>\n<td width=\"359\">Jacqueline Esperanza V\u00e1zquez Pineda<\/td>\n<td width=\"359\"><a href=\"https:\/\/congresogro.gob.mx\/inicio\/wp-content\/uploads\/2025\/06\/FOLIO15-Fanny-Ruth-Lara-Figueroa.pdf\" target=\"_blank\" rel=\"noopener sponsored\">Ficha curricular<\/a><\/td>\n<\/tr>\n<\/tbody>\n<\/table>\t\t\t\t\t\t<\/div>\n\t\t\t\t<\/div>\n\t\t\t\t\t<\/div>\n\t\t\t\t<\/div>\n\t\t\t\t<\/div>\n\t\t\t\t\t<\/details>\n\t\t\t\t\t\t<details id=\"e-n-accordion-item-1162\" class=\"e-n-accordion-item\" >\n\t\t\t\t<summary class=\"e-n-accordion-item-title\" data-accordion-index=\"3\" tabindex=\"-1\" aria-expanded=\"false\" aria-controls=\"e-n-accordion-item-1162\" >\n\t\t\t\t\t<span class='e-n-accordion-item-title-header'><div class=\"e-n-accordion-item-title-text\"> Acuerdo <\/div><\/span>\n\t\t\t\t\t\t\t<span class='e-n-accordion-item-title-icon'>\n\t\t\t<span class='e-opened' ><svg aria-hidden=\"true\" class=\"e-font-icon-svg e-fas-minus\" viewBox=\"0 0 448 512\" xmlns=\"http:\/\/www.w3.org\/2000\/svg\"><path d=\"M416 208H32c-17.67 0-32 14.33-32 32v32c0 17.67 14.33 32 32 32h384c17.67 0 32-14.33 32-32v-32c0-17.67-14.33-32-32-32z\"><\/path><\/svg><\/span>\n\t\t\t<span class='e-closed'><svg aria-hidden=\"true\" class=\"e-font-icon-svg e-fas-plus\" viewBox=\"0 0 448 512\" xmlns=\"http:\/\/www.w3.org\/2000\/svg\"><path d=\"M416 208H272V64c0-17.67-14.33-32-32-32h-32c-17.67 0-32 14.33-32 32v144H32c-17.67 0-32 14.33-32 32v32c0 17.67 14.33 32 32 32h144v144c0 17.67 14.33 32 32 32h32c17.67 0 32-14.33 32-32V304h144c17.67 0 32-14.33 32-32v-32c0-17.67-14.33-32-32-32z\"><\/path><\/svg><\/span>\n\t\t<\/span>\n\n\t\t\t\t\t\t<\/summary>\n\t\t\t\t<div role=\"region\" aria-labelledby=\"e-n-accordion-item-1162\" class=\"elementor-element elementor-element-616a397 e-flex e-con-boxed e-con e-child\" data-id=\"616a397\" data-element_type=\"container\">\n\t\t\t\t\t<div class=\"e-con-inner\">\n\t\t<div role=\"region\" aria-labelledby=\"e-n-accordion-item-1162\" class=\"elementor-element elementor-element-fb80720 e-con-full e-flex e-con e-child\" data-id=\"fb80720\" data-element_type=\"container\">\n\t\t\t\t<div class=\"elementor-element elementor-element-9234bfe elementor-widget elementor-widget-text-editor\" data-id=\"9234bfe\" data-element_type=\"widget\" data-widget_type=\"text-editor.default\">\n\t\t\t\t<div class=\"elementor-widget-container\">\n\t\t\t\t\t\t\t<div class=\"wp-block-file\"><object class=\"wp-block-file__embed\" style=\"width: 100%; height: 600px;\" data=\"https:\/\/congresogro.gob.mx\/inicio\/wp-content\/uploads\/2025\/06\/COMUNICADO-LISTA-DE-ASPIRANTES-DERECHOS-HUMANOS.pdf\" type=\"application\/pdf\" width=\"300\" height=\"150\" aria-label=\"CONVOCATORIA PARA EL PROCESO DE SELECCIO\u0301N Y DESIGNACIO\u0301N DE LA PRESIDENTA O EL PRESIDENTE DE LA COMISIO\u0301N DE LOS DERECHOS HUMANOS DEL ESTADO\"><\/object><a id=\"wp-block-file--media-1922a720-eda3-4a03-a07e-a8000adaed21\" href=\"https:\/\/congresogro.gob.mx\/inicio\/wp-content\/uploads\/2025\/06\/COMUNICADO-LISTA-DE-ASPIRANTES-DERECHOS-HUMANOS.pdf\"><\/a><a class=\"wp-block-file__button wp-element-button\" href=\"https:\/\/congresogro.gob.mx\/inicio\/wp-content\/uploads\/2025\/06\/COMUNICADO-LISTA-DE-ASPIRANTES-DERECHOS-HUMANOS.pdf\" download=\"\" aria-describedby=\"wp-block-file--media-1922a720-eda3-4a03-a07e-a8000adaed21\">Descarga<\/a><\/div>\t\t\t\t\t\t<\/div>\n\t\t\t\t<\/div>\n\t\t\t\t<\/div>\n\t\t\t\t\t<\/div>\n\t\t\t\t<\/div>\n\t\t\t\t\t<\/details>\n\t\t\t\t\t<\/div>\n\t\t\t\t<\/div>\n\t\t\t\t<\/div>\n\t\t\t\t\t<\/div>\n\t\t\t\t<\/div>\n\t\t<div class=\"elementor-element elementor-element-bd7cffc e-flex e-con-boxed e-con e-parent\" data-id=\"bd7cffc\" data-element_type=\"container\">\n\t\t\t\t\t<div class=\"e-con-inner\">\n\t\t\t\t\t<\/div>\n\t\t\t\t<\/div>\n\t\t\t\t<\/div>\n\t\t","protected":false},"excerpt":{"rendered":"<p>Convocatoria Descarga Lista de Aspirantes Alberto Sierra Abrajan Ficha curricular Pedro Landa Moreno Ficha curricular Audel Urbina Serrano Ficha curricular Jos\u00e9 Luis Navarro Jaimes Ficha curricular Cecilia Narciso Gayt\u00e1n Ficha curricular Rom\u00e1n Jaimez Contreras Ficha curricular Marisela Reyes Reyes Ficha curricular Cuauht\u00e9moc Casta\u00f1eda Gorostieta Ficha curricular Juan Silva Santana Ficha curricular Pascual\u00a0 Romero Garc\u00eda Ficha [&hellip;]<\/p>\n","protected":false},"author":1,"featured_media":13792,"parent":0,"menu_order":0,"comment_status":"closed","ping_status":"closed","template":"","meta":{"_seopress_robots_primary_cat":"","_seopress_titles_title":"","_seopress_titles_desc":"","_seopress_robots_index":"","footnotes":""},"class_list":["post-13828","page","type-page","status-publish","has-post-thumbnail","hentry"],"_links":{"self":[{"href":"https:\/\/congresogro.gob.mx\/inicio\/wp-json\/wp\/v2\/pages\/13828","targetHints":{"allow":["GET"]}}],"collection":[{"href":"https:\/\/congresogro.gob.mx\/inicio\/wp-json\/wp\/v2\/pages"}],"about":[{"href":"https:\/\/congresogro.gob.mx\/inicio\/wp-json\/wp\/v2\/types\/page"}],"author":[{"embeddable":true,"href":"https:\/\/congresogro.gob.mx\/inicio\/wp-json\/wp\/v2\/users\/1"}],"replies":[{"embeddable":true,"href":"https:\/\/congresogro.gob.mx\/inicio\/wp-json\/wp\/v2\/comments?post=13828"}],"version-history":[{"count":52,"href":"https:\/\/congresogro.gob.mx\/inicio\/wp-json\/wp\/v2\/pages\/13828\/revisions"}],"predecessor-version":[{"id":14069,"href":"https:\/\/congresogro.gob.mx\/inicio\/wp-json\/wp\/v2\/pages\/13828\/revisions\/14069"}],"wp:featuredmedia":[{"embeddable":true,"href":"https:\/\/congresogro.gob.mx\/inicio\/wp-json\/wp\/v2\/media\/13792"}],"wp:attachment":[{"href":"https:\/\/congresogro.gob.mx\/inicio\/wp-json\/wp\/v2\/media?parent=13828"}],"curies":[{"name":"wp","href":"https:\/\/api.w.org\/{rel}","templated":true}]}}