{"id":11157,"date":"2024-10-25T21:50:56","date_gmt":"2024-10-25T21:50:56","guid":{"rendered":"https:\/\/congresogro.gob.mx\/inicio\/?page_id=11157"},"modified":"2026-01-07T21:54:53","modified_gmt":"2026-01-07T21:54:53","slug":"datos-relevantes","status":"publish","type":"page","link":"https:\/\/congresogro.gob.mx\/inicio\/datos-relevantes\/","title":{"rendered":"Datos Relevantes"},"content":{"rendered":"\t\t<div data-elementor-type=\"wp-page\" data-elementor-id=\"11157\" class=\"elementor elementor-11157\">\n\t\t\t\t<div class=\"elementor-element elementor-element-0953869 e-flex e-con-boxed e-con e-parent\" data-id=\"0953869\" data-element_type=\"container\">\n\t\t\t\t\t<div class=\"e-con-inner\">\n\t\t<div class=\"elementor-element elementor-element-e0af3f2 e-con-full e-flex e-con e-child\" data-id=\"e0af3f2\" data-element_type=\"container\">\n\t\t\t\t<div class=\"elementor-element elementor-element-57a3932 elementor-widget__width-initial elementor-widget elementor-widget-text-editor\" data-id=\"57a3932\" data-element_type=\"widget\" data-widget_type=\"text-editor.default\">\n\t\t\t\t<div class=\"elementor-widget-container\">\n\t\t\t\t\t\t\t<p>\u00d3rgano Interno de Control &#8211; Tarjeta Informativa &#8211; Periodo de julio, agosto y septiembre de 2024.<\/p>\t\t\t\t\t\t<\/div>\n\t\t\t\t<\/div>\n\t\t\t\t<\/div>\n\t\t<div class=\"elementor-element elementor-element-9ee1e2e e-con-full e-flex e-con e-child\" data-id=\"9ee1e2e\" data-element_type=\"container\">\n\t\t\t\t<div class=\"elementor-element elementor-element-aed3277 elementor-widget elementor-widget-button\" data-id=\"aed3277\" data-element_type=\"widget\" data-widget_type=\"button.default\">\n\t\t\t\t<div class=\"elementor-widget-container\">\n\t\t\t\t\t\t\t<div class=\"elementor-button-wrapper\">\n\t\t\t\t\t<a class=\"elementor-button elementor-button-link elementor-size-sm\" href=\"https:\/\/congresogro.gob.mx\/transparencia\/documentos\/tarjeta-informativa-resolucion-organo-control-interno.pdf\" target=\"_blank\">\n\t\t\t\t\t\t<span class=\"elementor-button-content-wrapper\">\n\t\t\t\t\t\t\t\t\t<span class=\"elementor-button-text\">Visualizar<\/span>\n\t\t\t\t\t<\/span>\n\t\t\t\t\t<\/a>\n\t\t\t\t<\/div>\n\t\t\t\t\t\t<\/div>\n\t\t\t\t<\/div>\n\t\t\t\t<\/div>\n\t\t<div class=\"elementor-element elementor-element-2a5fcaa e-con-full e-flex e-con e-child\" data-id=\"2a5fcaa\" data-element_type=\"container\">\n\t\t\t\t<div class=\"elementor-element elementor-element-e883b13 elementor-widget elementor-widget-button\" data-id=\"e883b13\" data-element_type=\"widget\" data-widget_type=\"button.default\">\n\t\t\t\t<div class=\"elementor-widget-container\">\n\t\t\t\t\t\t\t<div class=\"elementor-button-wrapper\">\n\t\t\t\t\t<a class=\"elementor-button elementor-button-link elementor-size-sm\" href=\"https:\/\/congresogro.gob.mx\/transparencia\/documentos\/tarjeta-informativa-OCI-17-enero-2025.pdf\" target=\"_blank\">\n\t\t\t\t\t\t<span class=\"elementor-button-content-wrapper\">\n\t\t\t\t\t\t\t\t\t<span class=\"elementor-button-text\">Visualizar<\/span>\n\t\t\t\t\t<\/span>\n\t\t\t\t\t<\/a>\n\t\t\t\t<\/div>\n\t\t\t\t\t\t<\/div>\n\t\t\t\t<\/div>\n\t\t\t\t<\/div>\n\t\t<div class=\"elementor-element elementor-element-9a7ac85 e-con-full e-flex e-con e-child\" data-id=\"9a7ac85\" data-element_type=\"container\">\n\t\t\t\t<div class=\"elementor-element elementor-element-d338595 elementor-widget__width-initial elementor-widget elementor-widget-text-editor\" data-id=\"d338595\" data-element_type=\"widget\" data-widget_type=\"text-editor.default\">\n\t\t\t\t<div class=\"elementor-widget-container\">\n\t\t\t\t\t\t\t<p>\u00d3rgano Interno de Control &#8211; Tarjeta Informativa &#8211; 17 de enero de 2025.<\/p>\t\t\t\t\t\t<\/div>\n\t\t\t\t<\/div>\n\t\t\t\t<\/div>\n\t\t<div class=\"elementor-element elementor-element-f616934 e-con-full e-flex e-con e-child\" data-id=\"f616934\" data-element_type=\"container\">\n\t\t\t\t<div class=\"elementor-element elementor-element-b30b1b8 elementor-widget__width-initial elementor-widget elementor-widget-text-editor\" data-id=\"b30b1b8\" data-element_type=\"widget\" data-widget_type=\"text-editor.default\">\n\t\t\t\t<div class=\"elementor-widget-container\">\n\t\t\t\t\t\t\t<p>Transparencia &#8211; Tabla de Aplicabilidad de las Obligaciones de Transparencia Comunes.<\/p>\t\t\t\t\t\t<\/div>\n\t\t\t\t<\/div>\n\t\t\t\t<\/div>\n\t\t<div class=\"elementor-element elementor-element-1b63810 e-con-full e-flex e-con e-child\" data-id=\"1b63810\" data-element_type=\"container\">\n\t\t\t\t<div class=\"elementor-element elementor-element-49f614f elementor-widget elementor-widget-button\" data-id=\"49f614f\" data-element_type=\"widget\" data-widget_type=\"button.default\">\n\t\t\t\t<div class=\"elementor-widget-container\">\n\t\t\t\t\t\t\t<div class=\"elementor-button-wrapper\">\n\t\t\t\t\t<a class=\"elementor-button elementor-button-link elementor-size-sm\" href=\"https:\/\/congresogro.gob.mx\/64\/datos-relevantes\/TABLA-DE-APLICABILIDAD-2023.pdf\" target=\"_blank\">\n\t\t\t\t\t\t<span class=\"elementor-button-content-wrapper\">\n\t\t\t\t\t\t\t\t\t<span class=\"elementor-button-text\">Visualizar<\/span>\n\t\t\t\t\t<\/span>\n\t\t\t\t\t<\/a>\n\t\t\t\t<\/div>\n\t\t\t\t\t\t<\/div>\n\t\t\t\t<\/div>\n\t\t\t\t<\/div>\n\t\t<div class=\"elementor-element elementor-element-75454c7 e-con-full e-flex e-con e-child\" data-id=\"75454c7\" data-element_type=\"container\">\n\t\t\t\t<div class=\"elementor-element elementor-element-4e52206 elementor-widget elementor-widget-button\" data-id=\"4e52206\" data-element_type=\"widget\" data-widget_type=\"button.default\">\n\t\t\t\t<div class=\"elementor-widget-container\">\n\t\t\t\t\t\t\t<div class=\"elementor-button-wrapper\">\n\t\t\t\t\t<a class=\"elementor-button elementor-button-link elementor-size-sm\" href=\"https:\/\/congresogro.gob.mx\/inicio\/wp-content\/uploads\/2025\/04\/informe-pagina-web-2024.pdf\" target=\"_blank\">\n\t\t\t\t\t\t<span class=\"elementor-button-content-wrapper\">\n\t\t\t\t\t\t\t\t\t<span class=\"elementor-button-text\">Visualizar<\/span>\n\t\t\t\t\t<\/span>\n\t\t\t\t\t<\/a>\n\t\t\t\t<\/div>\n\t\t\t\t\t\t<\/div>\n\t\t\t\t<\/div>\n\t\t\t\t<\/div>\n\t\t<div class=\"elementor-element elementor-element-b3f05a3 e-con-full e-flex e-con e-child\" data-id=\"b3f05a3\" data-element_type=\"container\">\n\t\t\t\t<div class=\"elementor-element elementor-element-a707d1e elementor-widget__width-initial elementor-widget elementor-widget-text-editor\" data-id=\"a707d1e\" data-element_type=\"widget\" data-widget_type=\"text-editor.default\">\n\t\t\t\t<div class=\"elementor-widget-container\">\n\t\t\t\t\t\t\t<p>Transparencia &#8211; Informe de la P\u00e1gina Web 2024.<\/p>\t\t\t\t\t\t<\/div>\n\t\t\t\t<\/div>\n\t\t\t\t<\/div>\n\t\t<div class=\"elementor-element elementor-element-558bded e-con-full e-flex e-con e-child\" data-id=\"558bded\" data-element_type=\"container\">\n\t\t\t\t<div class=\"elementor-element elementor-element-5e756f6 elementor-widget__width-initial elementor-widget elementor-widget-text-editor\" data-id=\"5e756f6\" data-element_type=\"widget\" data-widget_type=\"text-editor.default\">\n\t\t\t\t<div class=\"elementor-widget-container\">\n\t\t\t\t\t\t\t<p>\u00d3rgano Interno de Control &#8211; Tarjeta Informativa &#8211; Periodo de enero, febrero y marzo del 2025.<\/p>\t\t\t\t\t\t<\/div>\n\t\t\t\t<\/div>\n\t\t\t\t<\/div>\n\t\t<div class=\"elementor-element elementor-element-5d364cf e-con-full e-flex e-con e-child\" data-id=\"5d364cf\" data-element_type=\"container\">\n\t\t\t\t<div class=\"elementor-element elementor-element-e752a38 elementor-widget elementor-widget-button\" data-id=\"e752a38\" data-element_type=\"widget\" data-widget_type=\"button.default\">\n\t\t\t\t<div class=\"elementor-widget-container\">\n\t\t\t\t\t\t\t<div class=\"elementor-button-wrapper\">\n\t\t\t\t\t<a class=\"elementor-button elementor-button-link elementor-size-sm\" href=\"https:\/\/congresogro.gob.mx\/transparencia\/documentos\/tarjeta-informativa-primer-trimestre-2025.pdf\">\n\t\t\t\t\t\t<span class=\"elementor-button-content-wrapper\">\n\t\t\t\t\t\t\t\t\t<span class=\"elementor-button-text\">Visualizar<\/span>\n\t\t\t\t\t<\/span>\n\t\t\t\t\t<\/a>\n\t\t\t\t<\/div>\n\t\t\t\t\t\t<\/div>\n\t\t\t\t<\/div>\n\t\t\t\t<\/div>\n\t\t<div class=\"elementor-element elementor-element-96845f7 e-con-full e-flex e-con e-child\" data-id=\"96845f7\" data-element_type=\"container\">\n\t\t\t\t<div class=\"elementor-element elementor-element-237b556 elementor-widget elementor-widget-button\" data-id=\"237b556\" data-element_type=\"widget\" data-widget_type=\"button.default\">\n\t\t\t\t<div class=\"elementor-widget-container\">\n\t\t\t\t\t\t\t<div class=\"elementor-button-wrapper\">\n\t\t\t\t\t<a class=\"elementor-button elementor-button-link elementor-size-sm\" href=\"https:\/\/congresogro.gob.mx\/inicio\/wp-content\/uploads\/2025\/05\/Resolucion-transparencia-CTAI-001-25.pdf\" target=\"_blank\">\n\t\t\t\t\t\t<span class=\"elementor-button-content-wrapper\">\n\t\t\t\t\t\t\t\t\t<span class=\"elementor-button-text\">Visualizar<\/span>\n\t\t\t\t\t<\/span>\n\t\t\t\t\t<\/a>\n\t\t\t\t<\/div>\n\t\t\t\t\t\t<\/div>\n\t\t\t\t<\/div>\n\t\t\t\t<\/div>\n\t\t<div class=\"elementor-element elementor-element-cf4d988 e-con-full e-flex e-con e-child\" data-id=\"cf4d988\" data-element_type=\"container\">\n\t\t\t\t<div class=\"elementor-element elementor-element-0bb41ed elementor-widget__width-initial elementor-widget elementor-widget-text-editor\" data-id=\"0bb41ed\" data-element_type=\"widget\" data-widget_type=\"text-editor.default\">\n\t\t\t\t<div class=\"elementor-widget-container\">\n\t\t\t\t\t\t\t<p>Transparencia &#8211; Resoluci\u00f3n n\u00famero CTAI 001 25, para confirmar la Inexistecia de Informacion.<\/p>\t\t\t\t\t\t<\/div>\n\t\t\t\t<\/div>\n\t\t\t\t<\/div>\n\t\t<div class=\"elementor-element elementor-element-e754151 e-con-full e-flex e-con e-child\" data-id=\"e754151\" data-element_type=\"container\">\n\t\t\t\t<div class=\"elementor-element elementor-element-62180ec elementor-widget__width-initial elementor-widget elementor-widget-text-editor\" data-id=\"62180ec\" data-element_type=\"widget\" data-widget_type=\"text-editor.default\">\n\t\t\t\t<div class=\"elementor-widget-container\">\n\t\t\t\t\t\t\t<p>\u00d3rgano Interno de Control &#8211; Tarjeta Informativa &#8211; Periodo de marzo, abril y mayo del 2025.<\/p>\t\t\t\t\t\t<\/div>\n\t\t\t\t<\/div>\n\t\t\t\t<\/div>\n\t\t<div class=\"elementor-element elementor-element-fed7a58 e-con-full e-flex e-con e-child\" data-id=\"fed7a58\" data-element_type=\"container\">\n\t\t\t\t<div class=\"elementor-element elementor-element-1c142f7 elementor-widget elementor-widget-button\" data-id=\"1c142f7\" data-element_type=\"widget\" data-widget_type=\"button.default\">\n\t\t\t\t<div class=\"elementor-widget-container\">\n\t\t\t\t\t\t\t<div class=\"elementor-button-wrapper\">\n\t\t\t\t\t<a class=\"elementor-button elementor-button-link elementor-size-sm\" href=\"https:\/\/congresogro.gob.mx\/transparencia\/documentos\/tarjeta-informativa-segundo-trimestre-2025.pdf\">\n\t\t\t\t\t\t<span class=\"elementor-button-content-wrapper\">\n\t\t\t\t\t\t\t\t\t<span class=\"elementor-button-text\">Visualizar<\/span>\n\t\t\t\t\t<\/span>\n\t\t\t\t\t<\/a>\n\t\t\t\t<\/div>\n\t\t\t\t\t\t<\/div>\n\t\t\t\t<\/div>\n\t\t\t\t<\/div>\n\t\t<div class=\"elementor-element elementor-element-98c9f00 e-con-full e-flex e-con e-child\" data-id=\"98c9f00\" data-element_type=\"container\">\n\t\t\t\t<div class=\"elementor-element elementor-element-742a547 elementor-widget elementor-widget-button\" data-id=\"742a547\" data-element_type=\"widget\" data-widget_type=\"button.default\">\n\t\t\t\t<div class=\"elementor-widget-container\">\n\t\t\t\t\t\t\t<div class=\"elementor-button-wrapper\">\n\t\t\t\t\t<a class=\"elementor-button elementor-button-link elementor-size-sm\" href=\"https:\/\/congresogro.gob.mx\/inicio\/wp-content\/uploads\/2025\/07\/Reforma-LTG_29012024.pdf\" target=\"_blank\">\n\t\t\t\t\t\t<span class=\"elementor-button-content-wrapper\">\n\t\t\t\t\t\t\t\t\t<span class=\"elementor-button-text\">Visualizar<\/span>\n\t\t\t\t\t<\/span>\n\t\t\t\t\t<\/a>\n\t\t\t\t<\/div>\n\t\t\t\t\t\t<\/div>\n\t\t\t\t<\/div>\n\t\t\t\t<\/div>\n\t\t<div class=\"elementor-element elementor-element-4033839 e-con-full e-flex e-con e-child\" data-id=\"4033839\" data-element_type=\"container\">\n\t\t\t\t<div class=\"elementor-element elementor-element-60bcb9b elementor-widget__width-initial elementor-widget elementor-widget-text-editor\" data-id=\"60bcb9b\" data-element_type=\"widget\" data-widget_type=\"text-editor.default\">\n\t\t\t\t<div class=\"elementor-widget-container\">\n\t\t\t\t\t\t\t<p>Lineamientos T\u00e9cnicos Generales para la publicaci\u00f3n, homologaci\u00f3n y estandarizaci\u00f3n de la informaci\u00f3n de las obligaciones establecidas en el T\u00edtulo Quinto y en la fracci\u00f3n IV del art\u00edculo 31 de la Ley General de Transparencia y Acceso a la Informaci\u00f3n P\u00fablica, que deben de difundir los sujetos obligados en los portales de Internet y en la Plataforma Nacional de Transparencia.<\/p>\t\t\t\t\t\t<\/div>\n\t\t\t\t<\/div>\n\t\t\t\t<\/div>\n\t\t<div class=\"elementor-element elementor-element-741573f e-con-full e-flex e-con e-child\" data-id=\"741573f\" data-element_type=\"container\">\n\t\t\t\t<div class=\"elementor-element elementor-element-312a36f elementor-widget__width-initial elementor-widget elementor-widget-text-editor\" data-id=\"312a36f\" data-element_type=\"widget\" data-widget_type=\"text-editor.default\">\n\t\t\t\t<div class=\"elementor-widget-container\">\n\t\t\t\t\t\t\t<p>Transparencia &#8211; Acta de la Primera Sesi\u00f3n Ordinaria del Comit\u00e9 de Transparencia y Acceso a la Informaci\u00f3n del Congreso del Estado, 2025.<\/p>\t\t\t\t\t\t<\/div>\n\t\t\t\t<\/div>\n\t\t\t\t<\/div>\n\t\t<div class=\"elementor-element elementor-element-14475dc e-con-full e-flex e-con e-child\" data-id=\"14475dc\" data-element_type=\"container\">\n\t\t\t\t<div class=\"elementor-element elementor-element-07670da elementor-widget elementor-widget-button\" data-id=\"07670da\" data-element_type=\"widget\" data-widget_type=\"button.default\">\n\t\t\t\t<div class=\"elementor-widget-container\">\n\t\t\t\t\t\t\t<div class=\"elementor-button-wrapper\">\n\t\t\t\t\t<a class=\"elementor-button elementor-button-link elementor-size-sm\" href=\"https:\/\/congresogro.gob.mx\/inicio\/wp-content\/uploads\/2025\/07\/ACTA-PRIMERA-SESION-ORDINARIA-COMITE-TRANSPARENCIA-2025.pdf\">\n\t\t\t\t\t\t<span class=\"elementor-button-content-wrapper\">\n\t\t\t\t\t\t\t\t\t<span class=\"elementor-button-text\">Visualizar<\/span>\n\t\t\t\t\t<\/span>\n\t\t\t\t\t<\/a>\n\t\t\t\t<\/div>\n\t\t\t\t\t\t<\/div>\n\t\t\t\t<\/div>\n\t\t\t\t<\/div>\n\t\t<div class=\"elementor-element elementor-element-b333889 e-con-full e-flex e-con e-child\" data-id=\"b333889\" data-element_type=\"container\">\n\t\t\t\t<div class=\"elementor-element elementor-element-b22b9ad elementor-widget elementor-widget-button\" data-id=\"b22b9ad\" data-element_type=\"widget\" data-widget_type=\"button.default\">\n\t\t\t\t<div class=\"elementor-widget-container\">\n\t\t\t\t\t\t\t<div class=\"elementor-button-wrapper\">\n\t\t\t\t\t<a class=\"elementor-button elementor-button-link elementor-size-sm\" href=\"https:\/\/congresogro.gob.mx\/inicio\/wp-content\/uploads\/2025\/07\/Transparencia-Resolucion-CTAI00225.pdf\" target=\"_blank\">\n\t\t\t\t\t\t<span class=\"elementor-button-content-wrapper\">\n\t\t\t\t\t\t\t\t\t<span class=\"elementor-button-text\">Visualizar<\/span>\n\t\t\t\t\t<\/span>\n\t\t\t\t\t<\/a>\n\t\t\t\t<\/div>\n\t\t\t\t\t\t<\/div>\n\t\t\t\t<\/div>\n\t\t\t\t<\/div>\n\t\t<div class=\"elementor-element elementor-element-f89361b e-con-full e-flex e-con e-child\" data-id=\"f89361b\" data-element_type=\"container\">\n\t\t\t\t<div class=\"elementor-element elementor-element-ce7fff4 elementor-widget__width-initial elementor-widget elementor-widget-text-editor\" data-id=\"ce7fff4\" data-element_type=\"widget\" data-widget_type=\"text-editor.default\">\n\t\t\t\t<div class=\"elementor-widget-container\">\n\t\t\t\t\t\t\t<p>Transparencia &#8211; Resoluci\u00f3n n\u00famero CTAI\/002\/25, para confirmar la Inexistecia de Informacion.<\/p>\t\t\t\t\t\t<\/div>\n\t\t\t\t<\/div>\n\t\t\t\t<\/div>\n\t\t<div class=\"elementor-element elementor-element-280abba e-con-full e-flex e-con e-child\" data-id=\"280abba\" data-element_type=\"container\">\n\t\t\t\t<div class=\"elementor-element elementor-element-9f9343b elementor-widget__width-initial elementor-widget elementor-widget-text-editor\" data-id=\"9f9343b\" data-element_type=\"widget\" data-widget_type=\"text-editor.default\">\n\t\t\t\t<div class=\"elementor-widget-container\">\n\t\t\t\t\t\t\t<p>\u00d3rgano Interno de Control &#8211; Tarjeta Informativa &#8211; Periodo de julio, agosto y septiembre del 2025.<\/p>\t\t\t\t\t\t<\/div>\n\t\t\t\t<\/div>\n\t\t\t\t<\/div>\n\t\t<div class=\"elementor-element elementor-element-3bfe26c e-con-full e-flex e-con e-child\" data-id=\"3bfe26c\" data-element_type=\"container\">\n\t\t\t\t<div class=\"elementor-element elementor-element-6680613 elementor-widget elementor-widget-button\" data-id=\"6680613\" data-element_type=\"widget\" data-widget_type=\"button.default\">\n\t\t\t\t<div class=\"elementor-widget-container\">\n\t\t\t\t\t\t\t<div class=\"elementor-button-wrapper\">\n\t\t\t\t\t<a class=\"elementor-button elementor-button-link elementor-size-sm\" href=\"https:\/\/congresogro.gob.mx\/transparencia\/documentos\/tarjeta-informativa-tercer-trimestre-2025.pdf\">\n\t\t\t\t\t\t<span class=\"elementor-button-content-wrapper\">\n\t\t\t\t\t\t\t\t\t<span class=\"elementor-button-text\">Visualizar<\/span>\n\t\t\t\t\t<\/span>\n\t\t\t\t\t<\/a>\n\t\t\t\t<\/div>\n\t\t\t\t\t\t<\/div>\n\t\t\t\t<\/div>\n\t\t\t\t<\/div>\n\t\t<div class=\"elementor-element elementor-element-5b42470 e-con-full e-flex e-con e-child\" data-id=\"5b42470\" data-element_type=\"container\">\n\t\t\t\t<div class=\"elementor-element elementor-element-6e624cb elementor-widget elementor-widget-button\" data-id=\"6e624cb\" data-element_type=\"widget\" data-widget_type=\"button.default\">\n\t\t\t\t<div class=\"elementor-widget-container\">\n\t\t\t\t\t\t\t<div class=\"elementor-button-wrapper\">\n\t\t\t\t\t<a class=\"elementor-button elementor-button-link elementor-size-sm\" href=\"https:\/\/congresogro.gob.mx\/inicio\/wp-content\/uploads\/2026\/01\/organo-interno-tarjeta-informativa-cuerto-trimestre-2025.pdf\" target=\"_blank\">\n\t\t\t\t\t\t<span class=\"elementor-button-content-wrapper\">\n\t\t\t\t\t\t\t\t\t<span class=\"elementor-button-text\">Visualizar<\/span>\n\t\t\t\t\t<\/span>\n\t\t\t\t\t<\/a>\n\t\t\t\t<\/div>\n\t\t\t\t\t\t<\/div>\n\t\t\t\t<\/div>\n\t\t\t\t<\/div>\n\t\t<div class=\"elementor-element elementor-element-0de4560 e-con-full e-flex e-con e-child\" data-id=\"0de4560\" data-element_type=\"container\">\n\t\t\t\t<div class=\"elementor-element elementor-element-ff21592 elementor-widget__width-initial elementor-widget elementor-widget-text-editor\" data-id=\"ff21592\" data-element_type=\"widget\" data-widget_type=\"text-editor.default\">\n\t\t\t\t<div class=\"elementor-widget-container\">\n\t\t\t\t\t\t\t<p>\u00d3rgano Interno de Control &#8211; Tarjeta Informativa &#8211; Per\u00edodo de octubre noviembre y diciembre del 2025.<\/p>\t\t\t\t\t\t<\/div>\n\t\t\t\t<\/div>\n\t\t\t\t<\/div>\n\t\t\t\t\t<\/div>\n\t\t\t\t<\/div>\n\t\t\t\t<\/div>\n\t\t","protected":false},"excerpt":{"rendered":"<p>\u00d3rgano Interno de Control &#8211; Tarjeta Informativa &#8211; Periodo de julio, agosto y septiembre de 2024. Visualizar Visualizar \u00d3rgano Interno de Control &#8211; Tarjeta Informativa &#8211; 17 de enero de 2025. Transparencia &#8211; Tabla de Aplicabilidad de las Obligaciones de Transparencia Comunes. Visualizar Visualizar Transparencia &#8211; Informe de la P\u00e1gina Web 2024. \u00d3rgano Interno de [&hellip;]<\/p>\n","protected":false},"author":1,"featured_media":0,"parent":0,"menu_order":0,"comment_status":"closed","ping_status":"closed","template":"","meta":{"_seopress_robots_primary_cat":"","_seopress_titles_title":"","_seopress_titles_desc":"","_seopress_robots_index":"","footnotes":""},"class_list":["post-11157","page","type-page","status-publish","hentry"],"_links":{"self":[{"href":"https:\/\/congresogro.gob.mx\/inicio\/wp-json\/wp\/v2\/pages\/11157","targetHints":{"allow":["GET"]}}],"collection":[{"href":"https:\/\/congresogro.gob.mx\/inicio\/wp-json\/wp\/v2\/pages"}],"about":[{"href":"https:\/\/congresogro.gob.mx\/inicio\/wp-json\/wp\/v2\/types\/page"}],"author":[{"embeddable":true,"href":"https:\/\/congresogro.gob.mx\/inicio\/wp-json\/wp\/v2\/users\/1"}],"replies":[{"embeddable":true,"href":"https:\/\/congresogro.gob.mx\/inicio\/wp-json\/wp\/v2\/comments?post=11157"}],"version-history":[{"count":67,"href":"https:\/\/congresogro.gob.mx\/inicio\/wp-json\/wp\/v2\/pages\/11157\/revisions"}],"predecessor-version":[{"id":16144,"href":"https:\/\/congresogro.gob.mx\/inicio\/wp-json\/wp\/v2\/pages\/11157\/revisions\/16144"}],"wp:attachment":[{"href":"https:\/\/congresogro.gob.mx\/inicio\/wp-json\/wp\/v2\/media?parent=11157"}],"curies":[{"name":"wp","href":"https:\/\/api.w.org\/{rel}","templated":true}]}}