{"id":8094,"date":"2023-09-27T14:02:44","date_gmt":"2023-09-27T20:02:44","guid":{"rendered":"https:\/\/congresogro.gob.mx\/63\/inicio\/?page_id=8094"},"modified":"2023-10-06T09:33:27","modified_gmt":"2023-10-06T15:33:27","slug":"parlamento-hablantes-lenguas-indigenas-2023","status":"publish","type":"page","link":"https:\/\/congresogro.gob.mx\/63\/inicio\/parlamento-hablantes-lenguas-indigenas-2023\/","title":{"rendered":"Segundo Parlamento de Hablantes de Lenguas Ind\u00edgenas"},"content":{"rendered":"<section data-bb-version=\"4.5.6\" id=\"bt_bb_section69e14f653b7c5\" class=\"bt_bb_section bt_bb_layout_boxed_1200 bt_bb_vertical_align_top\"  data-bt-override-class=\"null\"><div class=\"bt_bb_background_image_holder_wrapper\"><div class=\"bt_bb_background_image_holder btLazyLoadBackground\"  data-background_image_src=\"https:\/\/congresogro.gob.mx\/63\/inicio\/wp-content\/uploads\/2023\/09\/fondo-parlamento-lenguas-2023-scaled.jpg\" data-parallax-zoom-start=\"1\" data-parallax-zoom-end=\"1\" data-parallax-blur-start=\"0\" data-parallax-blur-end=\"0\" data-parallax-opacity-start=\"1\" data-parallax-opacity-end=\"1\" style=\" background-image: url(&#039;https:\/\/congresogro.gob.mx\/63\/inicio\/wp-content\/plugins\/bold-page-builder\/img\/blank.gif&#039;);\"><\/div><\/div><div class=\"bt_bb_port\"><div class=\"bt_bb_cell\"><div class=\"bt_bb_cell_inner\"><div class=\"bt_bb_row \"  data-bt-override-class=\"{}\"><div class=\"bt_bb_row_holder\" ><div  class=\"bt_bb_column col-xxl-12 col-xl-12 col-xs-12 col-sm-12 col-md-12 col-lg-12 bt_bb_vertical_align_top bt_bb_align_left bt_bb_padding_normal bt_bb_shape_inherit\"  data-width=\"12\" data-bt-override-class=\"{}\"><div class=\"bt_bb_column_content\"><div class=\"bt_bb_column_content_inner\"><div class=\"bt_bb_separator bt_bb_border_style_none bt_bb_top_spacing_normal bt_bb_bottom_spacing_medium\" data-bt-override-class=\"null\"><\/div><div data-bb-version=\"4.5.6\" class=\"bt_bb_image bt_bb_shape_square bt_bb_target_self bt_bb_align_inherit bt_bb_hover_style_simple bt_bb_content_display_always bt_bb_content_align_middle\" data-bt-override-class=\"{&quot;bt_bb_align_&quot;:{&quot;current_class&quot;:&quot;bt_bb_align_inherit&quot;,&quot;xxl&quot;:&quot;inherit&quot;}}\"><span><img loading=\"lazy\" decoding=\"async\" width=\"1000\" height=\"283\" src=\"https:\/\/congresogro.gob.mx\/63\/inicio\/wp-content\/uploads\/2023\/09\/LOGO-PARLAMENTO-2023.png\" class=\"attachment-full size-full\" alt=\"https:\/\/congresogro.gob.mx\/63\/inicio\/wp-content\/uploads\/2023\/09\/LOGO-PARLAMENTO-2023.png\" data-full_image_src=\"https:\/\/congresogro.gob.mx\/63\/inicio\/wp-content\/uploads\/2023\/09\/LOGO-PARLAMENTO-2023.png\" title=\"LOGO-PARLAMENTO-2023\" srcset=\"https:\/\/congresogro.gob.mx\/63\/inicio\/wp-content\/uploads\/2023\/09\/LOGO-PARLAMENTO-2023.png 1000w, https:\/\/congresogro.gob.mx\/63\/inicio\/wp-content\/uploads\/2023\/09\/LOGO-PARLAMENTO-2023-640x181.png 640w, https:\/\/congresogro.gob.mx\/63\/inicio\/wp-content\/uploads\/2023\/09\/LOGO-PARLAMENTO-2023-768x217.png 768w, https:\/\/congresogro.gob.mx\/63\/inicio\/wp-content\/uploads\/2023\/09\/LOGO-PARLAMENTO-2023-320x91.png 320w\" sizes=\"auto, (max-width: 1000px) 100vw, 1000px\" \/><\/span><\/div><div class=\"bt_bb_separator bt_bb_border_style_none bt_bb_top_spacing_normal bt_bb_bottom_spacing_normal\" data-bt-override-class=\"null\"><\/div><div data-bb-version=\"4.5.6\"  class=\"bt_bb_text bt_bb_hidden_xs bt_bb_hidden_ms bt_bb_hidden_sm bt_bb_hidden_md bt_bb_hidden_lg bt_bb_hidden_xl\" ><\/p>\n<p style=\"text-align: justify;\">El H. Congreso del Estado de Guerrero en coordinaci\u00f3n con la Secretar\u00eda para el Desarrollo de los Pueblos Ind\u00edgenas y Afromexicanas del Gobierno del Estado Libre y Soberano de Guerrero, en el marco del \u201cDecenio de Acciones para las Lenguas Ind\u00edgenas 2022-2032\u201d y la conmemoraci\u00f3n del 12 de octubre \u201cD\u00eda de la Naci\u00f3n Pluricultural\u201d,<\/p>\n<h2 style=\"text-align: center;\"><span style=\"color: #ae2461;\"><strong>CONVOCAN:<\/strong><\/span><\/h2>\n<p style=\"text-align: justify;\">A todas las personas Guerrerenses mayores de 18 a\u00f1os de edad, a formar parte del Parlamento de Hablantes de Lenguas Ind\u00edgenas 2023 del Estado de Guerrero.<\/p>\n<h5 style=\"text-align: justify;\"><strong><span style=\"color: #ae2461;\">OBJETIVO<\/span> <\/strong><\/h5>\n<p style=\"text-align: justify;\">El Parlamento de Hablantes de Lenguas de Ind\u00edgenas 2023, es un espacio de expresi\u00f3n que tiene por objeto reconocer, valorar y promover el uso de las lenguas Ind\u00edgenas existentes en el Estado de Guerrero: N\u00e1huatl, Tu&#8217;un Savi (Mixteco), Me&#8217;phaa (Tlapaneco) y \u00d1omn daa (Amuzgo), en cualquiera de sus variantes, a trav\u00e9s de la exposici\u00f3n de problem\u00e1ticas a que se enfrentan los habitantes de pueblos originarios en el uso de las mismas; las cuales tendr\u00e1n car\u00e1cter orientador para las comisiones legislativas que correspondan.<\/p>\n<h5 style=\"text-align: justify;\"><span style=\"color: #ae2461;\"><strong>BASES<\/strong><\/span><\/h5>\n<p style=\"text-align: justify;\"><span style=\"color: #117467;\"><strong>REQUISITOS<\/strong><\/span><\/p>\n<ol style=\"text-align: justify;\">\n<li>Haber cumplido 18 a\u00f1os al d\u00eda de la emisi\u00f3n de la convocatoria;<\/li>\n<li>Acreditar ser originario del Estado de Guerrero, y<\/li>\n<li>Hablar una lengua Ind\u00edgena, preferentemente N\u00e1huatl, Tu&#8217; un Savi (Mixteco), Me&#8217;phaa (Tlapaneco) o \u00d1omn daa (Amuzgo).<\/li>\n<\/ol>\n<p style=\"text-align: justify;\">Para la elecci\u00f3n de las personas parlamentarias se privilegiar\u00e1 la participaci\u00f3n de aquellas que no hayan participado en el ejercicio inmediato anterior.<\/p>\n<p><span style=\"color: #117467;\"><strong>II. PROCESO DE ADMISI\u00d3N DE LOS Y LAS ASPIRANTES<\/strong><\/span><\/p>\n<ol style=\"text-align: justify;\">\n<li>El Parlamento de Hablantes de Lenguas Ind\u00edgenas 2023, se conformar\u00e1 por 46 integrantes parlamentarios de toda la entidad federativa, de los cuales el 50 por ciento ser\u00e1n mujeres y el otro 50 por ciento hombres, atendiendo al principio constitucional de paridad de g\u00e9nero;<\/li>\n<li>Las personas aspirantes podr\u00e1n registrarse a trav\u00e9s de la p\u00e1gina:<\/li>\n<\/ol>\n<p style=\"text-align: justify;\"><strong>https:\/\/congresogro.gob.mx\/63\/inicio\/parlamento-hablantes-lenguas-indigenas-2023\/<\/strong> o en las oficinas de la Secretar\u00eda para el Desarrollo de los Pueblos Ind\u00edgenas y Afromexicanos del Gobierno del Estado de Guerrero, a trav\u00e9s del formato se\u00f1alado como Anexo 1; adem\u00e1s deber\u00e1n anexar copia de identificaci\u00f3n oficial; y<\/p>\n<ol style=\"text-align: justify;\" start=\"3\">\n<li>Los participantes deber\u00e1n enviar un resumen de su participaci\u00f3n, con una extensi\u00f3n m\u00ednima de una cuartilla y m\u00e1xima de dos, en la que deber\u00e1n elegir un tema a desarrollar, siendo las siguientes opciones:<\/li>\n<li>a) Uso oficial de lenguas Ind\u00edgenas;<\/li>\n<li>b) Preservaci\u00f3n de lenguas Ind\u00edgenas;<\/li>\n<li>c) Discriminaci\u00f3n por el uso de lenguas Ind\u00edgenas, y<\/li>\n<li>d) Pol\u00edticas P\u00fablicas para incentivar el uso de las lenguas originarias.<\/li>\n<\/ol>\n<p style=\"text-align: justify;\">El per\u00edodo de inscripci\u00f3n comenzar\u00e1 a partir de la publicaci\u00f3n de la presente convocatoria y concluir\u00e1 el d\u00eda jueves 19 de octubre de 2023.<\/p>\n<p style=\"text-align: justify;\"><span style=\"color: #117467;\"><strong>III.\u00a0\u00a0 <\/strong><strong>DE LA SELECCI\u00d3N DE LAS PERSONAS PARTICIPANTES<\/strong><\/span><\/p>\n<p style=\"text-align: justify;\">Para la selecci\u00f3n de las personas participantes, se conformar\u00e1 un Comit\u00e9 Organizador integrado por representantes del Congreso del Estado de Guerrero, coordinado por el Diputado Osbaldo R\u00edos Manrique, Secretario de la Comisi\u00f3n de Derechos Humanos; Diputada Leticia Mosso Hern\u00e1ndez, Presidenta de la Mesa\u00a0 Directiva; Diputada Marben de la Cruz Santiago, Presidenta de la Comisi\u00f3n de los Pueblos y Comunidades Ind\u00edgenas y Afromexicanos; Diputada Beatriz Mojica Morga, Presidenta del Comisi\u00f3n de los Derechos de las Ni\u00f1as, Ni\u00f1os y Adolescentes, y del Licenciado P\u00e1nfilo S\u00e1nchez Almaz\u00e1n, Secretario para el Desarrollo de los Pueblos Ind\u00edgenas y Comunidades Afromexicanas del Gobierno del Estado Libre Soberano de Guerrero, quienes determinar\u00e1n la elegibilidad de los participantes con base al criterio de originalidad de las propuestas enviadas y la representaci\u00f3n de cualquiera de las cuatro lenguas; adem\u00e1s de procurar la representaci\u00f3n geogr\u00e1fica y de los distintos grupos de edad de los participantes.<\/p>\n<p style=\"text-align: justify;\"><span style=\"color: #117467;\"><strong>IV. <\/strong><\/span><span style=\"color: #117467;\"><strong>DE LA PUBLICACI\u00d3N DE LOS RESULTADOS DE ADMISI\u00d3N<\/strong><\/span><\/p>\n<p style=\"text-align: justify;\">Los resultados ser\u00e1n publicados el d\u00eda viernes 20 de octubre de 2023, a trav\u00e9s de la p\u00e1gina oficial del H. Congreso del Estado de Guerrero. De igual forma, las personas seleccionadas recibir\u00e1n un correo electr\u00f3nico por el que se notificar\u00e1 su participaci\u00f3n al Parlamento de Hablantes de Lenguas Ind\u00edgenas 2023.<\/p>\n<p><span style=\"color: #117467;\"><strong>V. DEL USO DE LA VOZ EN TRIBUNA DE LAS Y LOS PARTICIPANTES<\/strong><\/span><\/p>\n<p style=\"text-align: justify;\">Las personas participantes contar\u00e1n con un m\u00e1ximo de cinco minutos para exponer en su lengua ind\u00edgena, el tema se\u00f1alado en su formato de registro.<\/p>\n<p style=\"text-align: justify;\">El resumen enviado en su inscripci\u00f3n al Parlamento, ser\u00e1 proyectado al momento de su participaci\u00f3n en Tribuna, para el conocimiento de las personas asistentes.<\/p>\n<p><span style=\"color: #117467;\"><strong>VI. FECHA Y LUGAR DEL EVENTO<\/strong><\/span><\/p>\n<p style=\"text-align: justify;\">El Parlamento de Hablantes de Lenguas Ind\u00edgenas 2023, se realizar\u00e1 a las\u00a0 10:00 horas del d\u00eda mi\u00e9rcoles 25 de octubre del presente a\u00f1o, en el Sal\u00f3n de Plenos del H. Congreso del Estado de Guerrero, ubicado en avenida Tr\u00e9bol Sur Sentimientos de la Naci\u00f3n, sin n\u00famero, de la colonia Villa Moderna, C.P. 39074, de Chilpancingo, Guerrero.<\/p>\n<p style=\"text-align: justify;\"><span style=\"color: #117467;\"><strong>VII.\u00a0 TRANSITORIOS<\/strong><\/span><\/p>\n<p style=\"text-align: justify;\"><strong>PRIMERO.<\/strong> El Parlamento de Hablantes de Lenguas Ind\u00edgenas 2023 de Guerrero, es un evento gratuito, los gastos de hospedaje y transporte de los parlamentaristas correr\u00e1n a cargo del Honorable Congreso del Estado, siempre que \u00e9stos tengan la necesidad de transportarse de una distancia mayor a 50 kil\u00f3metros y no residan en la capital del Estado.<\/p>\n<p style=\"text-align: justify;\"><strong>SEGUNDO.<\/strong> Los casos no previstos en la convocatoria, los aspirantes a participar podr\u00e1n pedir aclaraciones al correo: <a href=\"mailto:parlamento-hablantes-lenguas-indigenas@congresogro.gob.mx\">parlamento-hablantes-lenguas-indigenas@congresogro.gob.mx<\/a>.<\/p>\n<p style=\"text-align: justify;\"><strong>TERCERO.<\/strong> Se faculta al Comit\u00e9 Organizador, para resolver y realizar las acciones y cambios pertinentes en las eventualidades y casos no previstos en la presente convocatoria.<\/p>\n<p>Chilpancingo, Gro., a 27 de septiembre de 2023.<\/p>\n<h5 style=\"text-align: center;\"><span style=\"color: #993366;\"><strong>ATENTAMENTE<\/strong><\/span><\/h5>\n<p style=\"text-align: center;\"><span style=\"color: #993366;\">El COMIT\u00c9 ORGANIZADOR<\/span><\/p>\n<table style=\"border-collapse: collapse; width: 100%; height: 155px;\">\n<tbody>\n<tr style=\"height: 95px;\">\n<td style=\"width: 50%; height: 95px;\">\n<p style=\"text-align: center;\"><strong>DIP. OSBALDO R\u00cdOS MANRIQUE<\/strong><\/p>\n<p style=\"text-align: center;\">PRESIDENTE DEL COMIT\u00c9 ORGANIZADOR<\/p>\n<\/td>\n<td style=\"width: 50%; height: 95px;\">\n<p style=\"text-align: center;\"><strong>DIP. LETICIA MOSSO HERN\u00c1NDEZ<\/strong><\/p>\n<p style=\"text-align: center;\">PRESIDENTA DE LA MESA DIRECTIVA E INTEGRANTE DEL COMIT\u00c9 ORGANIZADOR<\/p>\n<\/td>\n<\/tr>\n<tr style=\"height: 30px;\">\n<td style=\"width: 50%; height: 30px;\">\n<p style=\"text-align: center;\"><strong>DIP. MARBEN DE LA CRUZ SANTIAGO <\/strong><\/p>\n<p style=\"text-align: center;\">NTEGRANTE DEL COMIT\u00c9 ORGANIZADOR<\/p>\n<\/td>\n<td style=\"width: 50%; height: 30px;\">\n<p style=\"text-align: center;\"><strong>DIP. BEATRIZ MOJICA MORGA<\/strong><\/p>\n<p style=\"text-align: center;\">INTEGRANTE DEL COMIT\u00c9 ORGANIZADOR<\/p>\n<\/td>\n<\/tr>\n<\/tbody>\n<\/table>\n<p>\n<\/div><div  class=\"bt_bb_text\" ><\/p>\n<p style=\"text-align: center;\"><strong>ANEXO<\/strong>:<\/p>\n<p style=\"text-align: center;\"><strong>FICHA DE REGISTRO DE PARTICIPANTES AL<\/strong><\/p>\n<p style=\"text-align: center;\">\u201cPARLAMENTO DE HABLANTES DE LENGUAS IND\u00cdGENAS 2023\u201d<\/p>\n<div class=\"wpcf7 no-js\" id=\"wpcf7-f4806-o1\" lang=\"es-ES\" dir=\"ltr\">\n<div class=\"screen-reader-response\">\n<p role=\"status\" aria-live=\"polite\" aria-atomic=\"true\">\n<ul><\/ul>\n<\/div>\n<form action=\"\/63\/inicio\/wp-json\/wp\/v2\/pages\/8094#wpcf7-f4806-o1\" method=\"post\" class=\"wpcf7-form init\" aria-label=\"Formulario de contacto\" enctype=\"multipart\/form-data\" novalidate=\"novalidate\" data-status=\"init\">\n<div style=\"display: none;\">\n<input type=\"hidden\" name=\"_wpcf7\" value=\"4806\" \/><br \/>\n<input type=\"hidden\" name=\"_wpcf7_version\" value=\"5.9.8\" \/><br \/>\n<input type=\"hidden\" name=\"_wpcf7_locale\" value=\"es_ES\" \/><br \/>\n<input type=\"hidden\" name=\"_wpcf7_unit_tag\" value=\"wpcf7-f4806-o1\" \/><br \/>\n<input type=\"hidden\" name=\"_wpcf7_container_post\" value=\"0\" \/><br \/>\n<input type=\"hidden\" name=\"_wpcf7_posted_data_hash\" value=\"\" \/>\n<\/div>\n<p><label> Nombre Completo<br \/>\n<span class=\"wpcf7-form-control-wrap\" data-name=\"your-name\"><input size=\"40\" maxlength=\"400\" class=\"wpcf7-form-control wpcf7-text wpcf7-validates-as-required\" aria-required=\"true\" aria-invalid=\"false\" value=\"\" type=\"text\" name=\"your-name\" \/><\/span> <\/label>\n<\/p>\n<p><label> Edad<br \/>\n<span class=\"wpcf7-form-control-wrap\" data-name=\"number-291\"><input class=\"wpcf7-form-control wpcf7-number wpcf7-validates-as-required wpcf7-validates-as-number\" aria-required=\"true\" aria-invalid=\"false\" value=\"\" type=\"number\" name=\"number-291\" \/><\/span> <\/label>\n<\/p>\n<p>Sexo:<br \/>\n<span class=\"wpcf7-form-control-wrap\" data-name=\"radio-197\"><span class=\"wpcf7-form-control wpcf7-radio\"><span class=\"wpcf7-list-item first\"><label><input type=\"radio\" name=\"radio-197\" value=\"Femenino\" checked=\"checked\" \/><span class=\"wpcf7-list-item-label\">Femenino<\/span><\/label><\/span><span class=\"wpcf7-list-item\"><label><input type=\"radio\" name=\"radio-197\" value=\"Masculino\" \/><span class=\"wpcf7-list-item-label\">Masculino<\/span><\/label><\/span><span class=\"wpcf7-list-item last\"><label><input type=\"radio\" name=\"radio-197\" value=\"Otro\" \/><span class=\"wpcf7-list-item-label\">Otro<\/span><\/label><\/span><\/span><\/span>\n<\/p>\n<p><label> Grado M\u00e1ximo de Estudios:<br \/>\n<span class=\"wpcf7-form-control-wrap\" data-name=\"text-33\"><input size=\"40\" maxlength=\"400\" class=\"wpcf7-form-control wpcf7-text wpcf7-validates-as-required\" aria-required=\"true\" aria-invalid=\"false\" value=\"\" type=\"text\" name=\"text-33\" \/><\/span><\/label>\n<\/p>\n<p>Autoadscripci\u00f3n Ind\u00edgena:<br \/>\n<span class=\"wpcf7-form-control-wrap\" data-name=\"radio-466\"><span class=\"wpcf7-form-control wpcf7-radio\"><span class=\"wpcf7-list-item first\"><label><input type=\"radio\" name=\"radio-466\" value=\"Si\" checked=\"checked\" \/><span class=\"wpcf7-list-item-label\">Si<\/span><\/label><\/span><span class=\"wpcf7-list-item last\"><label><input type=\"radio\" name=\"radio-466\" value=\"No\" \/><span class=\"wpcf7-list-item-label\">No<\/span><\/label><\/span><\/span><\/span>\n<\/p>\n<p><label> Originario:<br \/>\n<span class=\"wpcf7-form-control-wrap\" data-name=\"text-700\"><input size=\"40\" maxlength=\"400\" class=\"wpcf7-form-control wpcf7-text wpcf7-validates-as-required\" aria-required=\"true\" aria-invalid=\"false\" value=\"\" type=\"text\" name=\"text-700\" \/><\/span><br \/>\n<\/label>\n<\/p>\n<p><label> Domicilio<br \/>\n<span class=\"wpcf7-form-control-wrap\" data-name=\"text-416\"><input size=\"40\" maxlength=\"400\" class=\"wpcf7-form-control wpcf7-text\" aria-invalid=\"false\" value=\"\" type=\"text\" name=\"text-416\" \/><\/span><\/label>\n<\/p>\n<p><label> Tel\u00e9fono<br \/>\n<span class=\"wpcf7-form-control-wrap\" data-name=\"tel-129\"><input size=\"40\" maxlength=\"400\" class=\"wpcf7-form-control wpcf7-tel wpcf7-validates-as-required wpcf7-text wpcf7-validates-as-tel\" aria-required=\"true\" aria-invalid=\"false\" value=\"\" type=\"tel\" name=\"tel-129\" \/><\/span><\/label>\n<\/p>\n<p><label> Correo electr\u00f3nico<br \/>\n<span class=\"wpcf7-form-control-wrap\" data-name=\"your-email\"><input size=\"40\" maxlength=\"400\" class=\"wpcf7-form-control wpcf7-email wpcf7-validates-as-required wpcf7-text wpcf7-validates-as-email\" aria-required=\"true\" aria-invalid=\"false\" value=\"\" type=\"email\" name=\"your-email\" \/><\/span> <\/label>\n<\/p>\n<p><label> Lengua Originaria<br \/>\n<span class=\"wpcf7-form-control-wrap\" data-name=\"text-686\"><input size=\"40\" maxlength=\"400\" class=\"wpcf7-form-control wpcf7-text wpcf7-validates-as-required\" aria-required=\"true\" aria-invalid=\"false\" value=\"\" type=\"text\" name=\"text-686\" \/><\/span><\/label>\n<\/p>\n<p><label> Tema<br \/>\n<span class=\"wpcf7-form-control-wrap\" data-name=\"your-subject\"><input size=\"40\" maxlength=\"400\" class=\"wpcf7-form-control wpcf7-text wpcf7-validates-as-required\" aria-required=\"true\" aria-invalid=\"false\" value=\"\" type=\"text\" name=\"your-subject\" \/><\/span> <\/label>\n<\/p>\n<p><label>Resumen en espa\u00f1ol y\/o lengua originaria (M\u00ednimo una cuartilla, m\u00e1ximo dos cuartillas en formato pdf.)<br \/>\n<span class=\"wpcf7-form-control-wrap\" data-name=\"file-445\"><input size=\"40\" class=\"wpcf7-form-control wpcf7-file wpcf7-validates-as-required\" accept=\".pdf\" aria-required=\"true\" aria-invalid=\"false\" type=\"file\" name=\"file-445\" \/><\/span><\/label>\n<\/p>\n<p><label><span class=\"wpcf7-form-control-wrap\" data-name=\"acceptance-694\"><span class=\"wpcf7-form-control wpcf7-acceptance\"><span class=\"wpcf7-list-item\"><input type=\"checkbox\" name=\"acceptance-694\" value=\"1\" aria-invalid=\"false\" \/><\/span><\/span><\/span> <a href=\"https:\/\/congresogro.gob.mx\/63\/inicio\/wp-content\/uploads\/2022\/09\/AVISO-DE-PRIVACIDAD-LENGUAS.pdf\" style=\"text-decoration: revert;\">He le\u00eddo y acepto el aviso legal y la pol\u00edtica de privacidad<\/a><\/label>\n<\/p>\n<p><input class=\"wpcf7-form-control wpcf7-submit has-spinner\" type=\"submit\" value=\"Enviar\" \/>\n<\/p>\n<p style=\"display: none !important;\" class=\"akismet-fields-container\" data-prefix=\"_wpcf7_ak_\"><label>&#916;<textarea name=\"_wpcf7_ak_hp_textarea\" cols=\"45\" rows=\"8\" maxlength=\"100\"><\/textarea><\/label><input type=\"hidden\" id=\"ak_js_1\" name=\"_wpcf7_ak_js\" value=\"209\"\/><script>document.getElementById( \"ak_js_1\" ).setAttribute( \"value\", ( new Date() ).getTime() );<\/script><\/p>\n<div class=\"wpcf7-response-output\" aria-hidden=\"true\"><\/div>\n<\/form>\n<\/div>\n<p>\n<\/div><div data-bb-version=\"4.5.6\" class=\"bt_bb_separator bt_bb_border_style_none bt_bb_top_spacing_large bt_bb_bottom_spacing_medium\" data-bt-override-class=\"null\"><\/div><\/div><\/div><\/div><\/div><\/div><\/div><!-- cell_inner --><\/div><!-- cell --><\/div><!-- port --><\/section>\n","protected":false},"excerpt":{"rendered":"","protected":false},"author":1,"featured_media":0,"parent":0,"menu_order":0,"comment_status":"closed","ping_status":"closed","template":"","meta":{"_monsterinsights_skip_tracking":false,"_monsterinsights_sitenote_active":false,"_monsterinsights_sitenote_note":"","_monsterinsights_sitenote_category":0,"footnotes":""},"class_list":["post-8094","page","type-page","status-publish","hentry"],"aioseo_notices":[],"_links":{"self":[{"href":"https:\/\/congresogro.gob.mx\/63\/inicio\/wp-json\/wp\/v2\/pages\/8094","targetHints":{"allow":["GET"]}}],"collection":[{"href":"https:\/\/congresogro.gob.mx\/63\/inicio\/wp-json\/wp\/v2\/pages"}],"about":[{"href":"https:\/\/congresogro.gob.mx\/63\/inicio\/wp-json\/wp\/v2\/types\/page"}],"author":[{"embeddable":true,"href":"https:\/\/congresogro.gob.mx\/63\/inicio\/wp-json\/wp\/v2\/users\/1"}],"replies":[{"embeddable":true,"href":"https:\/\/congresogro.gob.mx\/63\/inicio\/wp-json\/wp\/v2\/comments?post=8094"}],"version-history":[{"count":12,"href":"https:\/\/congresogro.gob.mx\/63\/inicio\/wp-json\/wp\/v2\/pages\/8094\/revisions"}],"predecessor-version":[{"id":8191,"href":"https:\/\/congresogro.gob.mx\/63\/inicio\/wp-json\/wp\/v2\/pages\/8094\/revisions\/8191"}],"wp:attachment":[{"href":"https:\/\/congresogro.gob.mx\/63\/inicio\/wp-json\/wp\/v2\/media?parent=8094"}],"curies":[{"name":"wp","href":"https:\/\/api.w.org\/{rel}","templated":true}]}}