{"id":6176,"date":"2023-01-31T13:02:52","date_gmt":"2023-01-31T19:02:52","guid":{"rendered":"https:\/\/congresogro.gob.mx\/63\/inicio\/?page_id=6176"},"modified":"2024-04-29T15:42:12","modified_gmt":"2024-04-29T21:42:12","slug":"173-aniversario-de-la-instalacion-del-congreso-constituyente-de-guerrero","status":"publish","type":"page","link":"https:\/\/congresogro.gob.mx\/63\/inicio\/173-aniversario-de-la-instalacion-del-congreso-constituyente-de-guerrero\/","title":{"rendered":"173 Aniversario de la Instalaci\u00f3n del Congreso Constituyente de Guerrero"},"content":{"rendered":"<p><section id=\"bt_bb_section69d4c39f526d5\" class=\"bt_bb_section bt_bb_layout_boxed_1200 bt_bb_vertical_align_top bt_bb_video bt_bb_hide_video_on_mobile\"  data-bt-override-class=\"null\"><video autoplay loop muted playsinline onplay=\"if ( window.bt_bb_video_callback ) { window.bt_bb_video_callback( this ); } else { let t = this; jQuery( document ).ready(function() { window.bt_bb_video_callback( t ); }); }\"><source src=\"https:\/\/congresogro.gob.mx\/63\/inicio\/wp-content\/uploads\/2023\/01\/fondo-documental.mp4\" type=\"video\/mp4\"><\/video><div class=\"bt_bb_background_image_holder_wrapper\"><div class=\"bt_bb_background_image_holder btLazyLoadBackground\"  data-background_image_src=\"https:\/\/congresogro.gob.mx\/63\/inicio\/wp-content\/uploads\/2021\/12\/pleno-congreso-de-guerrero.jpg\" data-parallax-zoom-start=\"1\" data-parallax-zoom-end=\"1\" data-parallax-blur-start=\"0\" data-parallax-blur-end=\"0\" data-parallax-opacity-start=\"1\" data-parallax-opacity-end=\"1\" style=\" background-image: url(&#039;https:\/\/congresogro.gob.mx\/63\/inicio\/wp-content\/plugins\/bold-page-builder\/img\/blank.gif&#039;);\"><\/div><\/div><div class=\"bt_bb_port\"><div class=\"bt_bb_cell\"><div class=\"bt_bb_cell_inner\"><div class=\"bt_bb_row \"  data-bt-override-class=\"{}\"><div class=\"bt_bb_row_holder\" ><div  class=\"bt_bb_column col-xxl-12 col-xl-12 col-xs-12 col-sm-12 col-md-12 col-lg-12 bt_bb_vertical_align_top bt_bb_align_left bt_bb_padding_normal bt_bb_shape_inherit\"  data-width=\"12\" data-bt-override-class=\"{}\"><div class=\"bt_bb_column_content\"><div class=\"bt_bb_column_content_inner\"><div class=\"bt_bb_separator bt_bb_border_style_none bt_bb_top_spacing_extra_large\" data-bt-override-class=\"null\"><\/div><header class=\"bt_bb_headline bt_bb_superheadline_font_weight_normal bt_bb_subheadline_text_transform_default bt_bb_dash_none bt_bb_size_inherit bt_bb_align_center bt_bb_letter_spacing_4px\" style=\";font-family:&#039;Bebas Neue&#039;;color:rgb(219,190,103);border-color:rgb(219,190,103);\" data-bt-override-class=\"{&quot;bt_bb_size_&quot;:{&quot;current_class&quot;:&quot;bt_bb_size_inherit&quot;,&quot;xxl&quot;:&quot;inherit&quot;,&quot;xl&quot;:&quot;inherit&quot;},&quot;bt_bb_align_&quot;:{&quot;current_class&quot;:&quot;bt_bb_align_center&quot;,&quot;xxl&quot;:&quot;center&quot;,&quot;xl&quot;:&quot;center&quot;}}\"><h1 style=\"font-family:'Bebas Neue'\" class=\"bt_bb_headline_tag\"><span class=\"bt_bb_headline_content\"><span>173 ANIVERSARIO DE LA INSTALACI\u00d3N DEL CONGRESO CONSTITUYENTE DE GUERRERO<\/span><\/span><\/h1><\/header><div class=\"bt_bb_separator bt_bb_border_style_none bt_bb_top_spacing_extra_large\" data-bt-override-class=\"null\"><\/div><div class=\"bt_bb_separator bt_bb_border_style_none bt_bb_top_spacing_large\" data-bt-override-class=\"null\"><\/div><div class=\"bt_bb_separator bt_bb_border_style_none bt_bb_top_spacing_extra_large\" data-bt-override-class=\"null\"><\/div><\/div><\/div><\/div><\/div><\/div><\/div><!-- cell_inner --><\/div><!-- cell --><\/div><!-- port --><\/section><section id=\"bt_bb_section69d4c39f5301b\" class=\"bt_bb_section bt_bb_layout_boxed_1200 bt_bb_vertical_align_top bt_bb_negative_margin_extralarge\"  data-bt-override-class=\"null\"><div class=\"bt_bb_port\"><div class=\"bt_bb_cell\"><div class=\"bt_bb_cell_inner\"><div class=\"bt_bb_row  bt_bb_negative_margin_extralarge bt_bb_shadow_visible\"  data-bt-override-class=\"{}\"><div class=\"bt_bb_row_holder\" ><div  class=\"bt_bb_column col-xxl-12 col-xl-12 col-xs-12 col-sm-12 col-md-12 col-lg-12 bt_bb_vertical_align_top bt_bb_align_left bt_bb_padding_normal bt_bb_shape_inherit\" style=\"background-color:rgb(255,255,255);\" data-width=\"12\" data-bt-override-class=\"{&quot;bt_bb_align_&quot;:{&quot;current_class&quot;:&quot;bt_bb_align_left&quot;,&quot;xxl&quot;:&quot;left&quot;,&quot;xl&quot;:&quot;left&quot;}}\"><div class=\"bt_bb_column_content\"><div class=\"bt_bb_column_content_inner\"><div class=\"bt_bb_separator bt_bb_border_style_none bt_bb_top_spacing_normal\" data-bt-override-class=\"null\"><\/div><div  class=\"bt_bb_text\" ><\/p>\n<p><strong>Iguala, Gro., 29 de enero de 2023.<\/strong>\u00a0\u00a0El 13 de septiembre de 1813 en la villa de Chilpancingo, hoy capital del estado, fue plantada la semilla del constitucionalismo en M\u00e9xico, con la instalaci\u00f3n del Primer Congreso de An\u00e1huac y la proclamaci\u00f3n de los Sentimientos de la Naci\u00f3n del General\u00edsimo Jos\u00e9 Mar\u00eda Morelos y Pav\u00f3n, hechos que marcar\u00edan un antes y un despu\u00e9s en el sistema pol\u00edtico del pa\u00eds.<\/p>\n<p>Desde ese momento, el tr\u00e1nsito hacia la creaci\u00f3n del primer Congreso Constituyente de Guerrero tuvo que esperar 37 a\u00f1os, lapso en que hombres y mujeres del sur abanderaron la causa liberal para lograr la independencia y la germinaci\u00f3n de lo que hoy es la Rep\u00fablica Mexicana.<\/p>\n<p>Este 30 de enero se cumplen 173 a\u00f1os de dicho evento que convirti\u00f3, por breve tiempo, a Iguala en la capital del estado y sent\u00f3 las bases para lo que hoy es la entidad suriana.<\/p>\n<p>Los historiadores igualtecos Florencio Ben\u00edtez Gonz\u00e1lez y Guillermo De La Cruz Issa coinciden en que este precedente es de suma importancia, porque con la instalaci\u00f3n del Primer Congreso Constituyente se configuraron los tres poderes de Estado, a trav\u00e9s de la aprobaci\u00f3n de la Ley Org\u00e1nica Provisional y la publicaci\u00f3n de la primera Constituci\u00f3n del Estado Libre y Soberano de Guerrero de 1851.<\/p>\n<hr \/>\n<div class=\"bt-video-container\">\n<div style=\"width: 100%;\" class=\"wp-video\"><video class=\"wp-video-shortcode\" id=\"video-6176-1\" width=\"640\" height=\"360\" preload=\"metadata\" controls=\"controls\"><source type=\"video\/mp4\" src=\"https:\/\/congresogro.gob.mx\/63\/multimedia\/Documental%20con%20motivo%20del%20173%20Aniversario%20del%20Congreso%20Constituyente%20del%20Estado%20de%20Guerrero-.mp4?_=1\" \/><a href=\"https:\/\/congresogro.gob.mx\/63\/multimedia\/Documental%20con%20motivo%20del%20173%20Aniversario%20del%20Congreso%20Constituyente%20del%20Estado%20de%20Guerrero-.mp4\">https:\/\/congresogro.gob.mx\/63\/multimedia\/Documental%20con%20motivo%20del%20173%20Aniversario%20del%20Congreso%20Constituyente%20del%20Estado%20de%20Guerrero-.mp4<\/a><\/video><\/div>\n<\/div>\n<hr \/>\n<h4><\/h4>\n<h4><strong>El recorrido hist\u00f3rico<\/strong><\/h4>\n<p>Despu\u00e9s de haberse consumado la independencia en 1827, los conflictos sociales se mantuvieron durante muchos a\u00f1os en M\u00e9xico, particularmente en el sur.<\/p>\n<p>Con la entrada en vigor de la primera Constituci\u00f3n de los Estados Unidos Mexicanos, el 4 de octubre de 1824, la naci\u00f3n mexicana qued\u00f3 integrada por entidades territoriales sujetas a un r\u00e9gimen republicano democr\u00e1tico. Sorpresivamente, el sur no figur\u00f3 de inicio como una entidad federativa.<\/p>\n<p>Esta tercera d\u00e9cada del siglo XIX fue una etapa convulsa que deriv\u00f3 en la traici\u00f3n y fusilamiento del segundo presidente de M\u00e9xico, el caudillo consumador de la independencia nacional: Vicente Guerrero.<\/p>\n<p>En ese complejo escenario, Juan \u00c1lvarez y Nicol\u00e1s Bravo, correligionarios y amigos leales del General Vicente Guerrero Salda\u00f1a, decretaron su intenci\u00f3n de honrar el sacrificio del caudillo, iniciando una lucha jur\u00eddica y pol\u00edtica en busca de constituir las tierras del sur como entidad libre y soberana de M\u00e9xico.<\/p>\n<p>Dentro de los objetivos de \u00c1lvarez y Bravo estaba consolidar el poder p\u00fablico en este territorio para tener instituciones y autoridades cercanas que coadyuvaran a contrarrestar el abandono ancestral.<\/p>\n<blockquote>\n<p>\u201cEl sur hab\u00eda sido protagonista de los hechos de la independencia; sin embargo, era una regi\u00f3n abandonada que inclusive no ten\u00eda ni representantes a nivel diputados en el Congreso Nacional\u201d, <span style=\"font-size: 17px; color: #181818; font-family: Domine, Arial, sans-serif;\">refiere el historiador Florencio Ben\u00edtez.<\/span><\/p>\n<\/blockquote>\n<p>El proceso de creaci\u00f3n del estado de Guerrero no fue sencillo. La historiadora \u00c1urea Commons, en su art\u00edculo \u201cGestaci\u00f3n y nacimiento de un estado: Guerrero\u201d, se\u00f1ala que entre las negativas del gobierno federal para crear la nueva entidad estaba que el sur carec\u00eda de recursos econ\u00f3micos para sostenerse por s\u00ed mismo, aunado a la vigencia de un r\u00e9gimen centralista que buscaba el control de todas las regiones del pa\u00eds.<\/p>\n<p>No fue hasta el 14 mayo de 1847 cuando el Congreso Nacional decret\u00f3 la Ley denominada Acta Constitutiva y de Reformas de los Estados Unidos Mexicanos, donde se discuti\u00f3 la divisi\u00f3n territorial y se trat\u00f3 la creaci\u00f3n de Guerrero.<\/p>\n<p>La nueva entidad quedar\u00eda conformada con los distritos de Acapulco, Chilapa, Taxco y Tlapa, as\u00ed como la municipalidad de Coyuca, demarcaciones que pertenec\u00edan a los estados de M\u00e9xico, Puebla y Michoac\u00e1n. Estas entidades se mostrar\u00edan renuentes y no ceder\u00edan con facilidad sus territorios, sino hasta el 27 de octubre de 1849, cuando el presidente Jos\u00e9 Joaqu\u00edn de Herrera decret\u00f3 la creaci\u00f3n del Estado Libre y Soberano de Guerrero, el cual fue ratificado por las legislaturas locales en favor de la nueva demarcaci\u00f3n.<\/p>\n<p>\u201cEn Oaxaca estaba gobernando Benito Ju\u00e1rez; a \u00e9l le gust\u00f3 la idea de crear entidades con el nombre de h\u00e9roes de la independencia, como el caso de Guerrero, que es la \u00fanica entidad que lleva el nombre de un expresidente de la Rep\u00fablica; y cuando Ju\u00e1rez es presidente de nuestro pa\u00eds, con \u00e9l se crea Hidalgo y Morelos como entidades\u201d, destaca el historiador Guillermo de la Cruz.<\/p>\n<p>Aprobada la erecci\u00f3n del estado, fue nombrado el General Juan \u00c1lvarez como gobernador provisional, con la misi\u00f3n principal de convocar a la elecci\u00f3n del Congreso Constituyente para elaborar una legislaci\u00f3n local que ostentara la representaci\u00f3n popular y estableciera las leyes pertinentes para la sana convivencia social y la gobernanza.<\/p>\n<p>Iguala fue designada la primera capital provisional del estado, lugar donde se reunir\u00edan ilustres hombres de diferentes regiones para establecer la primera Legislatura de Guerrero.<\/p>\n<p><strong>\u00a0<\/strong><\/p>\n<h4><strong>Instalaci\u00f3n del Primer Congreso Constituyente de Guerrero<\/strong><\/h4>\n<p>Respecto a la conformaci\u00f3n del Primer Congreso Constituyente de Guerrero, Florencio Ben\u00edtez se\u00f1ala que este ejercicio se llev\u00f3 a cabo mediante una elecci\u00f3n indirecta y por etapas. Las designaciones se realizaban a trav\u00e9s de asambleas, donde se seleccionaba a los \u201cnotables\u201d; es decir, personas destacadas por poseer experiencia militar, preparaci\u00f3n pol\u00edtica y acad\u00e9mica, liderazgo, ascendencia y presencia en ciertos territorios, entre otras cualidades que los hac\u00edan merecedores de ocupar el cargo.<\/p>\n<p>Guillermo De La Cruz comenta que en la conformaci\u00f3n de los integrantes de la Legislatura, \u00c1lvarez buscaba un equilibrio en las fuerzas pol\u00edticas del sur. \u201cEn el caso de Nicol\u00e1s Bravo, lo incluyen como diputado a pesar de ser su rival pol\u00edtico. Hay otra versi\u00f3n no confirmada de que invit\u00f3 a un hijo de Agust\u00edn de Iturbide para que fuera legislador, pero no existieron las condiciones\u201d, detalla.<\/p>\n<p>La elecci\u00f3n formal de los primeros diputados de Guerrero fue el 5 de enero de 1850, dando por resultado 11 electos y 11 suplentes, los mismos que fueron citados para finales del mes, a efecto de llevar a cabo la instalaci\u00f3n del Congreso.<\/p>\n<p>Rindieron protesta al cargo ese 30 de enero de 1850, Diego \u00c1lvarez, Nicol\u00e1s Bravo, Juan Jos\u00e9 Calleja, Jos\u00e9 Mar\u00eda A\u00f1orve de Salas, F\u00e9lix Mar\u00eda Leyva, Ignacio Casta\u00f1\u00f3n, Miguel Ibarra, Ignacio Cid del Prado, Eugenio Vargas, Tom\u00e1s G\u00f3mez y Jos\u00e9 Mar\u00eda Cervantes, y como suplentes Manuel G\u00f3mez Daza, Antonio Cano, Carlos Bravo, Miguel Qui\u00f1\u00f3nez, Mariano Herrera, Agust\u00edn M. Pati\u00f1o, Juan Bautista Sol\u00eds, Isidro Rom\u00e1n, Luis Guillemaud, Jos\u00e9 Sierra e Ignacio Zamora.<\/p>\n<p>Disputaron la Presidencia del \u00f3rgano legislativo Diego \u00c1lvarez y Nicol\u00e1s Bravo, siendo designado el hijo del gobernador Juan \u00c1lvarez.<\/p>\n<p><strong>\u00a0<\/strong><\/p>\n<h4><strong>Las primeras tareas del Congreso Constituyente<\/strong><\/h4>\n<p>La instalaci\u00f3n del Congreso Constituyente dio pauta al proceso de configuraci\u00f3n institucional de la entidad.<\/p>\n<p>Destacan de entre los primeros decretos aprobados el que declara de solemnidad nacional en el estado el 2 de marzo, el 14 de febrero y el 30 de enero. La primera fecha, para conmemorar la Consumaci\u00f3n de la Independencia de M\u00e9xico en 1821; la segunda, por el fallecimiento de Vicente Guerrero, en 1831, y la tercera por la instalaci\u00f3n del Congreso Constituyente de Guerrero, en 1850.<\/p>\n<p>A\u00fan instalado en Iguala, se expidi\u00f3 tambi\u00e9n la Ley Org\u00e1nica Provisional para el Arreglo Interior del Estado de Guerrero, el 16 de marzo de 1850, cuyo contenido formula las bases y organizaci\u00f3n del Gobierno y de la administraci\u00f3n p\u00fablica, como un ordenamiento temporal, en tanto se perfeccionaba la primera Constituci\u00f3n del Estado de Guerrero.<\/p>\n<p><strong>\u00a0<\/strong><\/p>\n<h4><strong>Primera Carta Magna<\/strong><\/h4>\n<p>Iguala no ser\u00eda la capital del estado de manera permanente. El 21 de marzo de 1850, un decreto del propio Congreso Constituyente traslad\u00f3 los poderes del estado a Tixtla, conocida tambi\u00e9n como Ciudad Guerrero, pensada en ser la capital definitiva de la entidad, por ser la cuna del General Vicente Guerrero.<\/p>\n<p>Desde el inicio en Tixtla, el proceso de creaci\u00f3n de la primera Carta Magna signific\u00f3 \u00e1lgidos debates entre los constituyentes; sin embargo, la epidemia de colera de 1850 y su alto grado de propagaci\u00f3n detuvo las actividades del Congreso.<\/p>\n<p>Fue hasta el 26 de junio de 1851 cuando se expidi\u00f3 la primera Constituci\u00f3n Pol\u00edtica del Estado de Guerrero, andamiaje pol\u00edtico, jur\u00eddico y social que plasm\u00f3 la libertad, independencia y soberan\u00eda del estado de Guerrero en cuanto a su r\u00e9gimen interior.<\/p>\n<p>El documento estableci\u00f3 tambi\u00e9n que el Poder Legislativo tendr\u00eda entre sus facultades importantes la de presentar iniciativas de leyes federales, aprobar el presupuesto, las contribuciones, revisar la cuenta p\u00fablica y ser jurado para formar causa contra el gobernador. Su renovaci\u00f3n ser\u00eda por mitad cada 2 a\u00f1os, y los requisitos para ser diputado eran ser mayor de 25 a\u00f1os y tener una renta anual de 500 pesos.<\/p>\n<p>A 173 a\u00f1os de la instalaci\u00f3n del primer Congreso Constituyente de Guerrero, la LXIII Legislatura evoca a los guerrerenses que tuvieron la sensibilidad de sintetizar los anhelos hist\u00f3ricos y las luchas del Sur, para plasmarlos en los documentos fundacionales de la entidad.<\/p>\n<p><strong>\u00a0<\/strong><\/p>\n<h4><strong>El legado<\/strong><\/h4>\n<p>El Congreso de Guerrero es el espacio hist\u00f3rico de la discusi\u00f3n y el debate, coinciden los historiadores Ben\u00edtez y De La Cruz. Consideran que este parlamento, por antonomasia, refleja el noble ideario de Morelos; sus miembros asumen la valent\u00eda y tes\u00f3n del General Guerrero; el car\u00e1cter osado y leal de los Bravo y los Galeana, y las virtudes y visi\u00f3n pol\u00edtica de \u00c1lvarez el reformista, impulsor del Plan de Ayutla y la Constituci\u00f3n de 1857.<\/p>\n<p>\n<\/div><div class=\"bt_bb_separator bt_bb_border_style_none bt_bb_top_spacing_large\" data-bt-override-class=\"null\"><\/div><\/div><\/div><\/div><\/div><\/div><\/div><!-- cell_inner --><\/div><!-- cell --><\/div><!-- port --><\/section><\/p>\n","protected":false},"excerpt":{"rendered":"","protected":false},"author":1,"featured_media":0,"parent":0,"menu_order":0,"comment_status":"closed","ping_status":"closed","template":"","meta":{"_monsterinsights_skip_tracking":false,"_monsterinsights_sitenote_active":false,"_monsterinsights_sitenote_note":"","_monsterinsights_sitenote_category":0,"footnotes":""},"class_list":["post-6176","page","type-page","status-publish","hentry"],"aioseo_notices":[],"_links":{"self":[{"href":"https:\/\/congresogro.gob.mx\/63\/inicio\/wp-json\/wp\/v2\/pages\/6176","targetHints":{"allow":["GET"]}}],"collection":[{"href":"https:\/\/congresogro.gob.mx\/63\/inicio\/wp-json\/wp\/v2\/pages"}],"about":[{"href":"https:\/\/congresogro.gob.mx\/63\/inicio\/wp-json\/wp\/v2\/types\/page"}],"author":[{"embeddable":true,"href":"https:\/\/congresogro.gob.mx\/63\/inicio\/wp-json\/wp\/v2\/users\/1"}],"replies":[{"embeddable":true,"href":"https:\/\/congresogro.gob.mx\/63\/inicio\/wp-json\/wp\/v2\/comments?post=6176"}],"version-history":[{"count":38,"href":"https:\/\/congresogro.gob.mx\/63\/inicio\/wp-json\/wp\/v2\/pages\/6176\/revisions"}],"predecessor-version":[{"id":6226,"href":"https:\/\/congresogro.gob.mx\/63\/inicio\/wp-json\/wp\/v2\/pages\/6176\/revisions\/6226"}],"wp:attachment":[{"href":"https:\/\/congresogro.gob.mx\/63\/inicio\/wp-json\/wp\/v2\/media?parent=6176"}],"curies":[{"name":"wp","href":"https:\/\/api.w.org\/{rel}","templated":true}]}}