{"id":6288,"date":"2021-04-30T01:18:20","date_gmt":"2021-04-30T01:18:20","guid":{"rendered":"http:\/\/congresogro.gob.mx\/62\/inicio\/?page_id=6288"},"modified":"2021-10-11T18:40:25","modified_gmt":"2021-10-11T18:40:25","slug":"lista-de-aspirantes-comisionado-del-instituto-de-transparencia-acceso-a-la-informacion-y-proteccion-de-datos-personales","status":"publish","type":"page","link":"https:\/\/congresogro.gob.mx\/62\/inicio\/lista-de-aspirantes-comisionado-del-instituto-de-transparencia-acceso-a-la-informacion-y-proteccion-de-datos-personales\/","title":{"rendered":"LISTA DE ASPIRANTES COMISIONADO DEL INSTITUTO DE TRANSPARENCIA, ACCESO A LA INFORMACI\u00d3N Y PROTECCION DE DATOS PERSONALES"},"content":{"rendered":"<section id=\"bt_bb_section69e44ee5d71a8\" class=\"bt_bb_section bt_bb_layout_boxed_1200\"  data-bt-override-class=\"null\"><div class=\"bt_bb_port\"><div class=\"bt_bb_cell\"><div class=\"bt_bb_cell_inner\"><div class=\"bt_bb_row \"  data-bt-override-class=\"{}\"><div class=\"bt_bb_row_holder\" ><div  class=\"bt_bb_column col-xxl-12 col-xl-12 col-xs-12 col-sm-12 col-md-12 col-lg-12 bt_bb_vertical_align_top bt_bb_align_left bt_bb_padding_normal bt_bb_shape_inherit\"  data-width=\"12\" data-bt-override-class=\"{}\"><div class=\"bt_bb_column_content\"><div class=\"bt_bb_column_content_inner\"><div class=\"bt_bb_image bt_bb_shape_square bt_bb_target_self bt_bb_align_inherit bt_bb_hover_style_simple bt_bb_content_display_always bt_bb_content_align_middle\" data-bt-override-class=\"{&quot;bt_bb_align_&quot;:{&quot;current_class&quot;:&quot;bt_bb_align_inherit&quot;,&quot;xxl&quot;:&quot;inherit&quot;,&quot;xl&quot;:&quot;inherit&quot;}}\"><span><img loading=\"lazy\" decoding=\"async\" width=\"3976\" height=\"1049\" src=\"https:\/\/congresogro.gob.mx\/62\/inicio\/wp-content\/uploads\/2021\/04\/LISTA-ASPIRANTES-F-ITAGRO-12.png\" class=\"attachment-full size-full\" alt=\"https:\/\/congresogro.gob.mx\/62\/inicio\/wp-content\/uploads\/2021\/04\/LISTA-ASPIRANTES-F-ITAGRO-12.png\" data-full_image_src=\"https:\/\/congresogro.gob.mx\/62\/inicio\/wp-content\/uploads\/2021\/04\/LISTA-ASPIRANTES-F-ITAGRO-12.png\" title=\"LISTA-ASPIRANTES-F-ITAGRO-12\" srcset=\"https:\/\/congresogro.gob.mx\/62\/inicio\/wp-content\/uploads\/2021\/04\/LISTA-ASPIRANTES-F-ITAGRO-12.png 3976w, https:\/\/congresogro.gob.mx\/62\/inicio\/wp-content\/uploads\/2021\/04\/LISTA-ASPIRANTES-F-ITAGRO-12-640x169.png 640w, https:\/\/congresogro.gob.mx\/62\/inicio\/wp-content\/uploads\/2021\/04\/LISTA-ASPIRANTES-F-ITAGRO-12-1280x338.png 1280w, https:\/\/congresogro.gob.mx\/62\/inicio\/wp-content\/uploads\/2021\/04\/LISTA-ASPIRANTES-F-ITAGRO-12-768x203.png 768w, https:\/\/congresogro.gob.mx\/62\/inicio\/wp-content\/uploads\/2021\/04\/LISTA-ASPIRANTES-F-ITAGRO-12-1536x405.png 1536w, https:\/\/congresogro.gob.mx\/62\/inicio\/wp-content\/uploads\/2021\/04\/LISTA-ASPIRANTES-F-ITAGRO-12-2048x540.png 2048w, https:\/\/congresogro.gob.mx\/62\/inicio\/wp-content\/uploads\/2021\/04\/LISTA-ASPIRANTES-F-ITAGRO-12-320x84.png 320w\" sizes=\"auto, (max-width: 3976px) 100vw, 3976px\" \/><\/span><\/div><div  class=\"bt_bb_text\" ><\/p>\n<h4><strong>A quien corresponda:<\/strong><\/h4>\n<p style=\"text-align: justify;\">Por acuerdo de la Junta de Coordinaci\u00f3n Pol\u00edtica y conforme a la base Quinta de la Convocatoria para seleccionar y designar a la o el Comisionado del Instituto de Transparencia, Acceso a la Informaci\u00f3n y Protecci\u00f3n de Datos Personales, se hace del conocimiento la lista que aspirantes que una vez verificados cumplen con los requisitos para ser designados como Comisionada o Comisionado del Instituto de Transparencia, Acceso a la Informaci\u00f3n y Protecci\u00f3n de Datos Personales del Estado de Guerrero, siendo estos los siguientes:<\/p>\n<table width=\"482\">\n<thead>\n<tr>\n<td width=\"95\"><strong>Folio<\/strong><\/td>\n<td width=\"387\">\n<ol>\n<li><strong>Aspirante<\/strong><\/li>\n<\/ol>\n<\/td>\n<\/tr>\n<\/thead>\n<tbody>\n<tr>\n<td width=\"95\">01<\/td>\n<td width=\"387\"><a href=\"http:\/\/congresogro.gob.mx\/62\/lista-aspirantes-comisionado-itaigro\/ALEJANDRINO-GONZALEZ-REYES.pdf\">Alejandrino Gonz\u00e1lez Reyes<\/a><\/td>\n<\/tr>\n<tr>\n<td width=\"95\">02<\/td>\n<td width=\"387\"><a href=\"http:\/\/congresogro.gob.mx\/62\/lista-aspirantes-comisionado-itaigro\/ERIK-FIERRO-DELGADO.PDF\">Erik Fierro Delgado<\/a><\/td>\n<\/tr>\n<tr>\n<td width=\"95\">03<\/td>\n<td width=\"387\"><a href=\"http:\/\/congresogro.gob.mx\/62\/lista-aspirantes-comisionado-itaigro\/JAIME-GARCIA-MORENO.pdf\">Jaime Garc\u00eda Moreno<\/a><\/td>\n<\/tr>\n<tr>\n<td width=\"95\">04<\/td>\n<td width=\"387\"><a href=\"http:\/\/congresogro.gob.mx\/62\/lista-aspirantes-comisionado-itaigro\/EVELYN-DEL-CARMEN-PUENTE-FLORES.pdf\">Evelyn del Carmen Puente Flores<\/a><\/td>\n<\/tr>\n<tr>\n<td width=\"95\">05<\/td>\n<td width=\"387\"><a href=\"http:\/\/congresogro.gob.mx\/62\/lista-aspirantes-comisionado-itaigro\/HORACIO-DIAZ-QUINONEZ.pdf\">Horacio D\u00edaz Qui\u00f1onez<\/a><\/td>\n<\/tr>\n<tr>\n<td width=\"95\">06<\/td>\n<td width=\"387\"><a href=\"http:\/\/congresogro.gob.mx\/62\/lista-aspirantes-comisionado-itaigro\/MIRNA-AYALA-ACEVEDO.pdf\">Mirna Ayala Acevedo<\/a><\/td>\n<\/tr>\n<tr>\n<td width=\"95\">07<\/td>\n<td width=\"387\"><a href=\"http:\/\/congresogro.gob.mx\/62\/lista-aspirantes-comisionado-itaigro\/ROBERTO-NAVA-CASTRO.pdf\">Roberto Nava Castro<\/a><\/td>\n<\/tr>\n<tr>\n<td width=\"95\">08<\/td>\n<td width=\"387\"><a href=\"http:\/\/congresogro.gob.mx\/62\/lista-aspirantes-comisionado-itaigro\/MIGUEL-ALEJANDRO-GUIZADO-JAIMES.PDF\">Miguel Alejandro Guizado Jaimes<\/a><\/td>\n<\/tr>\n<tr>\n<td width=\"95\">09<\/td>\n<td width=\"387\"><a href=\"http:\/\/congresogro.gob.mx\/62\/lista-aspirantes-comisionado-itaigro\/WILBER-TACUBA-VALENCIA.pdf\">Wilber Tacuba Valencia<\/a><\/td>\n<\/tr>\n<tr>\n<td width=\"95\">10<\/td>\n<td width=\"387\"><a href=\"http:\/\/congresogro.gob.mx\/62\/lista-aspirantes-comisionado-itaigro\/ELIZABETH-PATRON-OSORIO.pdf\">Elizabeth Patr\u00f3n Osorio<\/a><\/td>\n<\/tr>\n<tr>\n<td width=\"95\">11<\/td>\n<td width=\"387\"><a href=\"http:\/\/congresogro.gob.mx\/62\/lista-aspirantes-comisionado-itaigro\/MAGALY-DUARTE-BANUELOS.pdf\">Magaly Duarte Ba\u00f1uelos<\/a><\/td>\n<\/tr>\n<tr>\n<td width=\"95\">12<\/td>\n<td width=\"387\"><a href=\"http:\/\/congresogro.gob.mx\/62\/lista-aspirantes-comisionado-itaigro\/PEDRO-DELFINO-ARZETA-GARCIA.pdf\">Pedro Delfino Arzeta Garc\u00eda<\/a><\/td>\n<\/tr>\n<tr>\n<td width=\"95\">13<\/td>\n<td width=\"387\"><a href=\"http:\/\/congresogro.gob.mx\/62\/lista-aspirantes-comisionado-itaigro\/DOMINGO-FRANCISCO-NERI-CELIS.pdf\">Domingo Francisco Neri Celis<\/a><\/td>\n<\/tr>\n<tr>\n<td width=\"95\">14<\/td>\n<td width=\"387\"><a href=\"http:\/\/congresogro.gob.mx\/62\/lista-aspirantes-comisionado-itaigro\/ROGELIO-PARRA-SILVA.pdf\">Rogelio Parra Silva<\/a><\/td>\n<\/tr>\n<tr>\n<td width=\"95\">15<\/td>\n<td width=\"387\"><a href=\"http:\/\/congresogro.gob.mx\/62\/lista-aspirantes-comisionado-itaigro\/ALFONSO-LARA-MUNIZ.pdf\">Alfonso Lara Mu\u00f1iz<\/a><\/td>\n<\/tr>\n<tr>\n<td width=\"95\">16<\/td>\n<td width=\"387\"><a href=\"http:\/\/congresogro.gob.mx\/62\/lista-aspirantes-comisionado-itaigro\/BRENDA-IXCHEL-ROMERO-MENDEZ.pdf\">Brenda Ixchel Romero M\u00e9ndez<\/a><\/td>\n<\/tr>\n<tr>\n<td width=\"95\">17<\/td>\n<td width=\"387\"><a href=\"http:\/\/congresogro.gob.mx\/62\/lista-aspirantes-comisionado-itaigro\/CUAUHTEMOC-CASTANEDA-GOROSTIETA.pdf\">Cuauht\u00e9moc Casta\u00f1eda Gorostieta<\/a><\/td>\n<\/tr>\n<tr>\n<td width=\"95\">18<\/td>\n<td width=\"387\"><a href=\"http:\/\/congresogro.gob.mx\/62\/lista-aspirantes-comisionado-itaigro\/JOSE-ALBINO-IBARES-NUNEZ.pdf\">Jos\u00e9 Albino\u00a0 Ibares N\u00fa\u00f1ez<\/a><\/td>\n<\/tr>\n<tr>\n<td width=\"95\">19<\/td>\n<td width=\"387\"><a href=\"http:\/\/congresogro.gob.mx\/62\/lista-aspirantes-comisionado-itaigro\/JUANITA-AVILES-RODRIGUEZ.pdf\">Juanita Avil\u00e9s Rodr\u00edguez<\/a><\/td>\n<\/tr>\n<tr>\n<td width=\"95\">20<\/td>\n<td width=\"387\"><a href=\"http:\/\/congresogro.gob.mx\/62\/lista-aspirantes-comisionado-itaigro\/SALUSTIO-GARCIA-DORANTES.pdf\">Salustio Garc\u00eda Dorantes<\/a><\/td>\n<\/tr>\n<tr>\n<td width=\"95\">21<\/td>\n<td width=\"387\"><a href=\"http:\/\/congresogro.gob.mx\/62\/lista-aspirantes-comisionado-itaigro\/CONRADO-JR-GARCIA-JUAREZ.pdf\">Conrado Jr. Garc\u00eda Ju\u00e1rez<\/a><\/td>\n<\/tr>\n<\/tbody>\n<\/table>\n<p style=\"text-align: justify;\">Asimismo, se les hace del conocimiento a los aspirantes que conforme a lo establecido en la Base Sexta de la Convocatoria, la Junta de Coordinaci\u00f3n Pol\u00edtica, llevar\u00e1 a cabo las entrevistas el d\u00eda 4 de mayo del a\u00f1o en curso, en las instalaciones del Poder Legislativo en el orden y horarios siguientes:<\/p>\n<table width=\"612\">\n<thead>\n<tr>\n<td width=\"461\"><strong>Aspirante<\/strong><\/td>\n<td width=\"151\"><strong>Horario de entrevista<\/strong><\/td>\n<\/tr>\n<\/thead>\n<tbody>\n<tr>\n<td width=\"461\">Alejandrino Gonz\u00e1lez Reyes<\/td>\n<td width=\"151\">9:00<\/td>\n<\/tr>\n<tr>\n<td width=\"461\">Erik Fierro Delgado<\/td>\n<td width=\"151\">9:30<\/td>\n<\/tr>\n<tr>\n<td width=\"461\">Jaime Garc\u00eda Moreno<\/td>\n<td width=\"151\">10:00<\/td>\n<\/tr>\n<tr>\n<td width=\"461\">Evelyn del Carmen Puente Flores<\/td>\n<td width=\"151\">10:30<\/td>\n<\/tr>\n<tr>\n<td width=\"461\">Horacio D\u00edaz Qui\u00f1onez<\/td>\n<td width=\"151\">11:00<\/td>\n<\/tr>\n<tr>\n<td width=\"461\">Mirna Ayala Acevedo<\/td>\n<td width=\"151\">11:30<\/td>\n<\/tr>\n<tr>\n<td width=\"461\">Roberto Nava Castro<\/td>\n<td width=\"151\">12:00<\/td>\n<\/tr>\n<tr>\n<td width=\"461\">Miguel Alejandro Guizado Jaimes<\/td>\n<td width=\"151\">12:30<\/td>\n<\/tr>\n<tr>\n<td width=\"461\">Wilber Tacuba Valencia<\/td>\n<td width=\"151\">13:00<\/td>\n<\/tr>\n<tr>\n<td width=\"461\">Elizabeth Patr\u00f3n Osorio<\/td>\n<td width=\"151\">13:30<\/td>\n<\/tr>\n<tr>\n<td width=\"461\">Magaly Duarte Ba\u00f1uelos<\/td>\n<td width=\"151\">14:00<\/td>\n<\/tr>\n<tr>\n<td width=\"461\">Pedro Delfino Arzeta Garc\u00eda<\/td>\n<td width=\"151\">14:30<\/td>\n<\/tr>\n<tr>\n<td width=\"461\">Domingo Francisco Neri Celis<\/td>\n<td width=\"151\">15:00<\/td>\n<\/tr>\n<tr>\n<td width=\"461\">Rogelio Parra Silva<\/td>\n<td width=\"151\">15:30<\/td>\n<\/tr>\n<tr>\n<td width=\"461\">Alfonso Lara Mu\u00f1iz<\/td>\n<td width=\"151\">16:00<\/td>\n<\/tr>\n<tr>\n<td width=\"461\">Brenda Ixchel Romero M\u00e9ndez<\/td>\n<td width=\"151\">16:30<\/td>\n<\/tr>\n<tr>\n<td width=\"461\">Cuauht\u00e9moc Casta\u00f1eda Gorostieta<\/td>\n<td width=\"151\">17:00<\/td>\n<\/tr>\n<tr>\n<td width=\"461\">Jos\u00e9 Albino\u00a0 Ibares N\u00fa\u00f1ez<\/td>\n<td width=\"151\">17:30<\/td>\n<\/tr>\n<tr>\n<td width=\"461\">Juanita Avil\u00e9s Rodr\u00edguez<\/td>\n<td width=\"151\">18:00<\/td>\n<\/tr>\n<tr>\n<td width=\"461\">Salustio Garc\u00eda Dorantes<\/td>\n<td width=\"151\">18:30<\/td>\n<\/tr>\n<tr>\n<td width=\"461\">Conrado Jr. Garc\u00eda Ju\u00e1rez<\/td>\n<td width=\"151\">19:00<\/td>\n<\/tr>\n<\/tbody>\n<\/table>\n<p>Chilpancingo de los Bravo, Guerrero a 29 de abril de 2021<\/p>\n<p style=\"text-align: center;\"><strong>Atentamente<\/strong><\/p>\n<p style=\"text-align: center;\"><strong>Los Integrantes De La Junta de Coordinaci\u00f3n Pol\u00edtica<\/strong><\/p>\n<table width=\"728\">\n<tbody>\n<tr>\n<td width=\"344\">\n<p style=\"text-align: center;\"><strong>\u00a0<\/strong><\/p>\n<p style=\"text-align: center;\"><strong>\u00a0<\/strong><\/p>\n<p style=\"text-align: center;\"><strong>Dip. <\/strong><strong>Alfredo S\u00e1nchez Esquivel<\/strong><\/p>\n<p style=\"text-align: center;\"><strong>Presidente<\/strong><\/p>\n<\/td>\n<td style=\"text-align: center;\" width=\"385\"><strong>\u00a0<\/strong><\/p>\n<p><strong>\u00a0<\/strong><\/p>\n<p><strong>Dip. H\u00e9ctor Apreza Patr\u00f3n<\/strong><\/p>\n<p><strong>Secretario<\/strong><\/td>\n<\/tr>\n<tr>\n<td width=\"344\"><strong>\u00a0<\/strong><\/p>\n<p><strong>\u00a0<\/strong><\/p>\n<p><strong>\u00a0<\/strong><\/p>\n<p style=\"text-align: center;\"><strong>Dip. Bernardo Ortega Jim\u00e9nez<\/strong><\/p>\n<p style=\"text-align: center;\"><strong>Vocal<\/strong><\/p>\n<\/td>\n<td width=\"385\">\n<p style=\"text-align: center;\"><strong>\u00a0<\/strong><\/p>\n<p style=\"text-align: center;\"><strong>\u00a0<\/strong><\/p>\n<p style=\"text-align: center;\"><strong>\u00a0<\/strong><\/p>\n<p style=\"text-align: center;\"><strong>Dip. Manuel Qui\u00f1onez Cortes<\/strong><\/p>\n<p style=\"text-align: center;\"><strong>Vocal<\/strong><\/p>\n<\/td>\n<\/tr>\n<tr>\n<td style=\"text-align: center;\" width=\"344\"><strong>\u00a0<\/strong><\/p>\n<p><strong>\u00a0<\/strong><\/p>\n<p><strong>\u00a0<\/strong><\/p>\n<p><strong>Dip. Soraida Abril Cruz Tenorio<\/strong><\/p>\n<p><strong>Vocal<\/strong><\/td>\n<td width=\"385\">\n<p style=\"text-align: center;\"><strong>\u00a0<\/strong><\/p>\n<p style=\"text-align: center;\"><strong>\u00a0<\/strong><\/p>\n<p style=\"text-align: center;\"><strong>\u00a0<\/strong><\/p>\n<p style=\"text-align: center;\"><strong>Dip. Guadalupe Gonz\u00e1lez Su\u00e1stegui<\/strong><\/p>\n<p style=\"text-align: center;\"><strong>Vocal<\/strong><\/p>\n<\/td>\n<\/tr>\n<\/tbody>\n<\/table>\n<p>\n<\/div><\/div><\/div><\/div><\/div><\/div><\/div><!-- cell_inner --><\/div><!-- cell --><\/div><!-- port --><\/section>\n","protected":false},"excerpt":{"rendered":"","protected":false},"author":1,"featured_media":0,"parent":0,"menu_order":0,"comment_status":"closed","ping_status":"closed","template":"","meta":{"footnotes":""},"class_list":["post-6288","page","type-page","status-publish","hentry"],"yoast_head":"<!-- This site is optimized with the Yoast SEO plugin v23.5 - https:\/\/yoast.com\/wordpress\/plugins\/seo\/ -->\n<title>LISTA DE ASPIRANTES COMISIONADO DEL INSTITUTO DE TRANSPARENCIA, ACCESO A LA INFORMACI\u00d3N Y PROTECCION DE DATOS PERSONALES - Congreso del Estado de Guerrero<\/title>\n<meta name=\"robots\" content=\"index, follow, max-snippet:-1, max-image-preview:large, max-video-preview:-1\" \/>\n<link rel=\"canonical\" href=\"https:\/\/congresogro.gob.mx\/62\/inicio\/lista-de-aspirantes-comisionado-del-instituto-de-transparencia-acceso-a-la-informacion-y-proteccion-de-datos-personales\/\" \/>\n<meta property=\"og:locale\" content=\"es_MX\" \/>\n<meta property=\"og:type\" content=\"article\" \/>\n<meta property=\"og:title\" content=\"LISTA DE ASPIRANTES COMISIONADO DEL INSTITUTO DE TRANSPARENCIA, ACCESO A LA INFORMACI\u00d3N Y PROTECCION DE DATOS PERSONALES - Congreso del Estado de Guerrero\" \/>\n<meta property=\"og:url\" content=\"https:\/\/congresogro.gob.mx\/62\/inicio\/lista-de-aspirantes-comisionado-del-instituto-de-transparencia-acceso-a-la-informacion-y-proteccion-de-datos-personales\/\" \/>\n<meta property=\"og:site_name\" content=\"Congreso del Estado de Guerrero\" \/>\n<meta property=\"article:modified_time\" content=\"2021-10-11T18:40:25+00:00\" \/>\n<meta name=\"twitter:card\" content=\"summary_large_image\" \/>\n<meta name=\"twitter:label1\" content=\"Tiempo de lectura\" \/>\n\t<meta name=\"twitter:data1\" content=\"2 minutos\" \/>\n<script type=\"application\/ld+json\" class=\"yoast-schema-graph\">{\"@context\":\"https:\/\/schema.org\",\"@graph\":[{\"@type\":\"WebPage\",\"@id\":\"https:\/\/congresogro.gob.mx\/62\/inicio\/lista-de-aspirantes-comisionado-del-instituto-de-transparencia-acceso-a-la-informacion-y-proteccion-de-datos-personales\/\",\"url\":\"https:\/\/congresogro.gob.mx\/62\/inicio\/lista-de-aspirantes-comisionado-del-instituto-de-transparencia-acceso-a-la-informacion-y-proteccion-de-datos-personales\/\",\"name\":\"LISTA DE ASPIRANTES COMISIONADO DEL INSTITUTO DE TRANSPARENCIA, ACCESO A LA INFORMACI\u00d3N Y PROTECCION DE DATOS PERSONALES - Congreso del Estado de Guerrero\",\"isPartOf\":{\"@id\":\"https:\/\/congresogro.gob.mx\/62\/inicio\/#website\"},\"datePublished\":\"2021-04-30T01:18:20+00:00\",\"dateModified\":\"2021-10-11T18:40:25+00:00\",\"breadcrumb\":{\"@id\":\"https:\/\/congresogro.gob.mx\/62\/inicio\/lista-de-aspirantes-comisionado-del-instituto-de-transparencia-acceso-a-la-informacion-y-proteccion-de-datos-personales\/#breadcrumb\"},\"inLanguage\":\"es\",\"potentialAction\":[{\"@type\":\"ReadAction\",\"target\":[\"https:\/\/congresogro.gob.mx\/62\/inicio\/lista-de-aspirantes-comisionado-del-instituto-de-transparencia-acceso-a-la-informacion-y-proteccion-de-datos-personales\/\"]}]},{\"@type\":\"BreadcrumbList\",\"@id\":\"https:\/\/congresogro.gob.mx\/62\/inicio\/lista-de-aspirantes-comisionado-del-instituto-de-transparencia-acceso-a-la-informacion-y-proteccion-de-datos-personales\/#breadcrumb\",\"itemListElement\":[{\"@type\":\"ListItem\",\"position\":1,\"name\":\"Inicio\",\"item\":\"https:\/\/congresogro.gob.mx\/62\/inicio\/\"},{\"@type\":\"ListItem\",\"position\":2,\"name\":\"LISTA DE ASPIRANTES COMISIONADO DEL INSTITUTO DE TRANSPARENCIA, ACCESO A LA INFORMACI\u00d3N Y PROTECCION DE DATOS PERSONALES\"}]},{\"@type\":\"WebSite\",\"@id\":\"https:\/\/congresogro.gob.mx\/62\/inicio\/#website\",\"url\":\"https:\/\/congresogro.gob.mx\/62\/inicio\/\",\"name\":\"Congreso del Estado de Guerrero\",\"description\":\"LXII LEGISLATURA\",\"potentialAction\":[{\"@type\":\"SearchAction\",\"target\":{\"@type\":\"EntryPoint\",\"urlTemplate\":\"https:\/\/congresogro.gob.mx\/62\/inicio\/?s={search_term_string}\"},\"query-input\":{\"@type\":\"PropertyValueSpecification\",\"valueRequired\":true,\"valueName\":\"search_term_string\"}}],\"inLanguage\":\"es\"}]}<\/script>\n<!-- \/ Yoast SEO plugin. -->","yoast_head_json":{"title":"LISTA DE ASPIRANTES COMISIONADO DEL INSTITUTO DE TRANSPARENCIA, ACCESO A LA INFORMACI\u00d3N Y PROTECCION DE DATOS PERSONALES - Congreso del Estado de Guerrero","robots":{"index":"index","follow":"follow","max-snippet":"max-snippet:-1","max-image-preview":"max-image-preview:large","max-video-preview":"max-video-preview:-1"},"canonical":"https:\/\/congresogro.gob.mx\/62\/inicio\/lista-de-aspirantes-comisionado-del-instituto-de-transparencia-acceso-a-la-informacion-y-proteccion-de-datos-personales\/","og_locale":"es_MX","og_type":"article","og_title":"LISTA DE ASPIRANTES COMISIONADO DEL INSTITUTO DE TRANSPARENCIA, ACCESO A LA INFORMACI\u00d3N Y PROTECCION DE DATOS PERSONALES - Congreso del Estado de Guerrero","og_url":"https:\/\/congresogro.gob.mx\/62\/inicio\/lista-de-aspirantes-comisionado-del-instituto-de-transparencia-acceso-a-la-informacion-y-proteccion-de-datos-personales\/","og_site_name":"Congreso del Estado de Guerrero","article_modified_time":"2021-10-11T18:40:25+00:00","twitter_card":"summary_large_image","twitter_misc":{"Tiempo de lectura":"2 minutos"},"schema":{"@context":"https:\/\/schema.org","@graph":[{"@type":"WebPage","@id":"https:\/\/congresogro.gob.mx\/62\/inicio\/lista-de-aspirantes-comisionado-del-instituto-de-transparencia-acceso-a-la-informacion-y-proteccion-de-datos-personales\/","url":"https:\/\/congresogro.gob.mx\/62\/inicio\/lista-de-aspirantes-comisionado-del-instituto-de-transparencia-acceso-a-la-informacion-y-proteccion-de-datos-personales\/","name":"LISTA DE ASPIRANTES COMISIONADO DEL INSTITUTO DE TRANSPARENCIA, ACCESO A LA INFORMACI\u00d3N Y PROTECCION DE DATOS PERSONALES - Congreso del Estado de Guerrero","isPartOf":{"@id":"https:\/\/congresogro.gob.mx\/62\/inicio\/#website"},"datePublished":"2021-04-30T01:18:20+00:00","dateModified":"2021-10-11T18:40:25+00:00","breadcrumb":{"@id":"https:\/\/congresogro.gob.mx\/62\/inicio\/lista-de-aspirantes-comisionado-del-instituto-de-transparencia-acceso-a-la-informacion-y-proteccion-de-datos-personales\/#breadcrumb"},"inLanguage":"es","potentialAction":[{"@type":"ReadAction","target":["https:\/\/congresogro.gob.mx\/62\/inicio\/lista-de-aspirantes-comisionado-del-instituto-de-transparencia-acceso-a-la-informacion-y-proteccion-de-datos-personales\/"]}]},{"@type":"BreadcrumbList","@id":"https:\/\/congresogro.gob.mx\/62\/inicio\/lista-de-aspirantes-comisionado-del-instituto-de-transparencia-acceso-a-la-informacion-y-proteccion-de-datos-personales\/#breadcrumb","itemListElement":[{"@type":"ListItem","position":1,"name":"Inicio","item":"https:\/\/congresogro.gob.mx\/62\/inicio\/"},{"@type":"ListItem","position":2,"name":"LISTA DE ASPIRANTES COMISIONADO DEL INSTITUTO DE TRANSPARENCIA, ACCESO A LA INFORMACI\u00d3N Y PROTECCION DE DATOS PERSONALES"}]},{"@type":"WebSite","@id":"https:\/\/congresogro.gob.mx\/62\/inicio\/#website","url":"https:\/\/congresogro.gob.mx\/62\/inicio\/","name":"Congreso del Estado de Guerrero","description":"LXII LEGISLATURA","potentialAction":[{"@type":"SearchAction","target":{"@type":"EntryPoint","urlTemplate":"https:\/\/congresogro.gob.mx\/62\/inicio\/?s={search_term_string}"},"query-input":{"@type":"PropertyValueSpecification","valueRequired":true,"valueName":"search_term_string"}}],"inLanguage":"es"}]}},"_links":{"self":[{"href":"https:\/\/congresogro.gob.mx\/62\/inicio\/wp-json\/wp\/v2\/pages\/6288","targetHints":{"allow":["GET"]}}],"collection":[{"href":"https:\/\/congresogro.gob.mx\/62\/inicio\/wp-json\/wp\/v2\/pages"}],"about":[{"href":"https:\/\/congresogro.gob.mx\/62\/inicio\/wp-json\/wp\/v2\/types\/page"}],"author":[{"embeddable":true,"href":"https:\/\/congresogro.gob.mx\/62\/inicio\/wp-json\/wp\/v2\/users\/1"}],"replies":[{"embeddable":true,"href":"https:\/\/congresogro.gob.mx\/62\/inicio\/wp-json\/wp\/v2\/comments?post=6288"}],"version-history":[{"count":6,"href":"https:\/\/congresogro.gob.mx\/62\/inicio\/wp-json\/wp\/v2\/pages\/6288\/revisions"}],"predecessor-version":[{"id":6298,"href":"https:\/\/congresogro.gob.mx\/62\/inicio\/wp-json\/wp\/v2\/pages\/6288\/revisions\/6298"}],"wp:attachment":[{"href":"https:\/\/congresogro.gob.mx\/62\/inicio\/wp-json\/wp\/v2\/media?parent=6288"}],"curies":[{"name":"wp","href":"https:\/\/api.w.org\/{rel}","templated":true}]}}