{"id":6258,"date":"2021-04-28T02:25:38","date_gmt":"2021-04-28T02:25:38","guid":{"rendered":"http:\/\/congresogro.gob.mx\/62\/inicio\/?page_id=6258"},"modified":"2021-10-11T18:40:25","modified_gmt":"2021-10-11T18:40:25","slug":"lista-de-aspirantes-registrados-para-presidente-de-la-comision-de-los-derechos-humanos-del-estado-de-guerrero","status":"publish","type":"page","link":"https:\/\/congresogro.gob.mx\/62\/inicio\/lista-de-aspirantes-registrados-para-presidente-de-la-comision-de-los-derechos-humanos-del-estado-de-guerrero\/","title":{"rendered":"Lista de aspirantes registrados para presidente de la Comisi\u00f3n de los Derechos Humanos del Estado de Guerrero"},"content":{"rendered":"<section id=\"bt_bb_section69e43d0198966\" class=\"bt_bb_section bt_bb_layout_boxed_1200\"  data-bt-override-class=\"null\"><div class=\"bt_bb_port\"><div class=\"bt_bb_cell\"><div class=\"bt_bb_cell_inner\"><div class=\"bt_bb_row \"  data-bt-override-class=\"{}\"><div class=\"bt_bb_row_holder\" ><div  class=\"bt_bb_column col-xxl-12 col-xl-12 col-xs-12 col-sm-12 col-md-12 col-lg-12 bt_bb_vertical_align_top bt_bb_align_center bt_bb_padding_normal bt_bb_shape_inherit\"  data-width=\"12\" data-bt-override-class=\"{&quot;bt_bb_align_&quot;:{&quot;current_class&quot;:&quot;bt_bb_align_center&quot;,&quot;xxl&quot;:&quot;center&quot;,&quot;xl&quot;:&quot;center&quot;}}\"><div class=\"bt_bb_column_content\"><div class=\"bt_bb_column_content_inner\"><div class=\"bt_bb_image bt_bb_shape_square bt_bb_target_self bt_bb_align_inherit bt_bb_hover_style_simple bt_bb_content_display_always bt_bb_content_align_middle\" data-bt-override-class=\"{&quot;bt_bb_align_&quot;:{&quot;current_class&quot;:&quot;bt_bb_align_inherit&quot;,&quot;xxl&quot;:&quot;inherit&quot;,&quot;xl&quot;:&quot;inherit&quot;}}\"><span><img loading=\"lazy\" decoding=\"async\" width=\"3976\" height=\"1049\" src=\"https:\/\/congresogro.gob.mx\/62\/inicio\/wp-content\/uploads\/2021\/04\/lista-aspirantes-derechos-humanos.png\" class=\"attachment-full size-full\" alt=\"https:\/\/congresogro.gob.mx\/62\/inicio\/wp-content\/uploads\/2021\/04\/lista-aspirantes-derechos-humanos.png\" data-full_image_src=\"https:\/\/congresogro.gob.mx\/62\/inicio\/wp-content\/uploads\/2021\/04\/lista-aspirantes-derechos-humanos.png\" title=\"lista-aspirantes-derechos-humanos\" srcset=\"https:\/\/congresogro.gob.mx\/62\/inicio\/wp-content\/uploads\/2021\/04\/lista-aspirantes-derechos-humanos.png 3976w, https:\/\/congresogro.gob.mx\/62\/inicio\/wp-content\/uploads\/2021\/04\/lista-aspirantes-derechos-humanos-640x169.png 640w, https:\/\/congresogro.gob.mx\/62\/inicio\/wp-content\/uploads\/2021\/04\/lista-aspirantes-derechos-humanos-1280x338.png 1280w, https:\/\/congresogro.gob.mx\/62\/inicio\/wp-content\/uploads\/2021\/04\/lista-aspirantes-derechos-humanos-768x203.png 768w, https:\/\/congresogro.gob.mx\/62\/inicio\/wp-content\/uploads\/2021\/04\/lista-aspirantes-derechos-humanos-1536x405.png 1536w, https:\/\/congresogro.gob.mx\/62\/inicio\/wp-content\/uploads\/2021\/04\/lista-aspirantes-derechos-humanos-2048x540.png 2048w, https:\/\/congresogro.gob.mx\/62\/inicio\/wp-content\/uploads\/2021\/04\/lista-aspirantes-derechos-humanos-320x84.png 320w\" sizes=\"auto, (max-width: 3976px) 100vw, 3976px\" \/><\/span><\/div><div  class=\"bt_bb_text\" ><\/p>\n<h3><strong>A LA CIUDADAN\u00cdA EN GENERAL<\/strong><strong>:<\/strong><\/h3>\n<p style=\"text-align: justify;\">De conformidad con lo dispuesto en la base S\u00e9ptima de la <strong>Convocatoria para el proceso de selecci\u00f3n y designaci\u00f3n de la o el Presidente de la Comisi\u00f3n de los Derechos Humanos del Estado de Guerrero,<\/strong> y con los art\u00edculos 118 de la Constituci\u00f3n Pol\u00edtica del Estado de Guerrero, se hace del conocimiento para consulta de la ciudadan\u00eda la lista de aspirantes registrados, para ocupar el cargo, siendo esta la siguiente:<\/p>\n<table>\n<thead>\n<tr>\n<td width=\"307\">\n<h3 style=\"text-align: center;\"><strong>Aspirantes<\/strong><\/h3>\n<\/td>\n<\/tr>\n<\/thead>\n<tbody>\n<tr>\n<td width=\"307\"><span style=\"color: #808000;\"><a style=\"color: #808000;\" href=\"http:\/\/congresogro.gob.mx\/62\/aspirantes-presidente-derechos-humanos\/ROMAN-JAIMEZ-CONTRERAS.pdf\" target=\"_blank\" rel=\"noopener\">Rom\u00e1n Jaimez Contreras<\/a><\/span><\/td>\n<\/tr>\n<tr>\n<td width=\"307\"><span style=\"color: #808000;\"><a style=\"color: #808000;\" href=\"http:\/\/congresogro.gob.mx\/62\/aspirantes-presidente-derechos-humanos\/FANNY-RUTH-LARA-FIGUEROA.pdf\">Fanny Ruth Lara Figueroa<\/a><\/span><\/td>\n<\/tr>\n<tr>\n<td width=\"307\"><span style=\"color: #808000;\"><a style=\"color: #808000;\" href=\"http:\/\/congresogro.gob.mx\/62\/aspirantes-presidente-derechos-humanos\/EUSEBIO-SALDANA-MORENO.pdf\">Eusebio Salda\u00f1a Moreno<\/a><\/span><\/td>\n<\/tr>\n<tr>\n<td width=\"307\"><span style=\"color: #808000;\"><a style=\"color: #808000;\" href=\"http:\/\/congresogro.gob.mx\/62\/aspirantes-presidente-derechos-humanos\/ANGEL-ANDRES-SUAZO-RODRIGUEZ.pdf\">\u00c1ngel Andr\u00e9s Suazo Rodr\u00edguez<\/a><\/span><\/td>\n<\/tr>\n<tr>\n<td width=\"307\"><span style=\"color: #808000;\"><a style=\"color: #808000;\" href=\"http:\/\/congresogro.gob.mx\/62\/aspirantes-presidente-derechos-humanos\/CECILIA-NARCISO-GAYTAN.pdf\">Cecilia Narciso Gayt\u00e1n<\/a><\/span><\/td>\n<\/tr>\n<tr>\n<td width=\"307\"><span style=\"color: #808000;\"><a style=\"color: #808000;\" href=\"http:\/\/congresogro.gob.mx\/62\/aspirantes-presidente-derechos-humanos\/JUAN-JACOBO-ALARCON-NAJERA.pdf\">Juan Jacobo Alarc\u00f3n N\u00e1jera<\/a><\/span><\/td>\n<\/tr>\n<tr>\n<td width=\"307\"><span style=\"color: #808000;\"><a style=\"color: #808000;\" href=\"http:\/\/congresogro.gob.mx\/62\/aspirantes-presidente-derechos-humanos\/HIPOLITO-LUGO-CORTES.pdf\">Hip\u00f3lito Lugo Cort\u00e9s<\/a><\/span><\/td>\n<\/tr>\n<tr>\n<td width=\"307\"><span style=\"color: #808000;\"><a style=\"color: #808000;\" href=\"http:\/\/congresogro.gob.mx\/62\/aspirantes-presidente-derechos-humanos\/JUAN-SANCHEZ-HINOJOSA.pdf\">Juan S\u00e1nchez Hinojosa<\/a><\/span><\/td>\n<\/tr>\n<tr>\n<td width=\"307\"><span style=\"color: #808000;\"><a style=\"color: #808000;\" href=\"http:\/\/congresogro.gob.mx\/62\/aspirantes-presidente-derechos-humanos\/MA-DE-LA-LUZ-REYES-RIOS.pdf\">Ma. de la Luz Reyes R\u00edos<\/a><\/span><\/td>\n<\/tr>\n<tr>\n<td width=\"307\"><span style=\"color: #808000;\"><a style=\"color: #808000;\" href=\"http:\/\/congresogro.gob.mx\/62\/aspirantes-presidente-derechos-humanos\/NANCY-BRAVO-GOMEZ.pdf\">Nancy Bravo G\u00f3mez<\/a><\/span><\/td>\n<\/tr>\n<tr>\n<td width=\"307\"><span style=\"color: #808000;\"><a style=\"color: #808000;\" href=\"http:\/\/congresogro.gob.mx\/62\/aspirantes-presidente-derechos-humanos\/OSCAR-ALVAREZ-GONZALEZ.pdf\">Oscar \u00c1lvarez Gonz\u00e1lez<\/a><\/span><\/td>\n<\/tr>\n<tr>\n<td width=\"307\"><span style=\"color: #808000;\"><a style=\"color: #808000;\" href=\"http:\/\/congresogro.gob.mx\/62\/aspirantes-presidente-derechos-humanos\/JOSE-LUIS-NAVARRO-JAIMES.pdf\">Jos\u00e9 Luis Navarro Jaimes<\/a><\/span><\/td>\n<\/tr>\n<tr>\n<td width=\"307\"><span style=\"color: #808000;\"><a style=\"color: #808000;\" href=\"http:\/\/congresogro.gob.mx\/62\/aspirantes-presidente-derechos-humanos\/ALFONSO-TREVINO-RIVERA.pdf\">Alfonso Trevi\u00f1o Rivera<\/a><\/span><\/td>\n<\/tr>\n<tr>\n<td width=\"307\"><span style=\"color: #808000;\"><a style=\"color: #808000;\" href=\"http:\/\/congresogro.gob.mx\/62\/aspirantes-presidente-derechos-humanos\/ALBERTO-SIERRA-ABRAJAN.pdf\">Alberto Sierra Abrajan<\/a><\/span><\/td>\n<\/tr>\n<tr>\n<td width=\"307\"><span style=\"color: #808000;\"><a style=\"color: #808000;\" href=\"http:\/\/congresogro.gob.mx\/62\/aspirantes-presidente-derechos-humanos\/JACQUELINE-ESPERANZA-VAZQUEZ-PINEDA.pdf\">Jacqueline Esperanza V\u00e1zquez Pineda<\/a><\/span><\/td>\n<\/tr>\n<tr>\n<td width=\"307\"><span style=\"color: #808000;\"><a style=\"color: #808000;\" href=\"http:\/\/congresogro.gob.mx\/62\/aspirantes-presidente-derechos-humanos\/MARISELA-REYES-REYES.pdf\">Maricela Reyes Reyes<\/a><\/span><\/td>\n<\/tr>\n<\/tbody>\n<\/table>\n<p style=\"text-align: justify;\">Lo anterior para que los interesados, dentro de los cinco d\u00edas h\u00e1biles siguientes a la presente publicaci\u00f3n, puedan aportar a la Junta de Coordinaci\u00f3n Pol\u00edtica de este Poder Legislativo elementos de juicio para formular la propuesta respectiva ante el Pleno de la Legislatura.<\/p>\n<p style=\"text-align: justify;\">Toda documentaci\u00f3n ser\u00e1 recibida en las oficinas de este Poder Legislativo, sita en Boulevard Vicente Guerrero, Tr\u00e9bol Sur, Sentimientos de la Naci\u00f3n S\/N,\u00a0 Colonia Villa Moderna, C.P. 39075, en Chilpancingo de los Bravo, Estado de Guerrero, en un horario de las 9:00 a las 15:00 horas.<\/p>\n<p style=\"text-align: justify;\">Los res\u00famenes curriculares de las y los candidatos registrados aparecen publicados en la direcci\u00f3n electr\u00f3nica <a href=\"http:\/\/congresogro.gob.mx\/62\/inicio\/\">http:\/\/congresogro.gob.mx\/62\/inicio\/<\/a> , portal oficial del Poder Legislativo.<\/p>\n<p style=\"text-align: left;\">Chilpancingo de los Bravo, Guerrero 27 abril de 2021<\/p>\n<p style=\"text-align: center;\"><strong>A T E N T A M E N T E<\/strong><\/p>\n<p><strong>\u00a0<\/strong><\/p>\n<p style=\"text-align: center;\"><strong>Atentamente<\/strong><\/p>\n<p style=\"text-align: center;\"><strong>Los Integrantes De La Junta de Coordinaci\u00f3n Pol\u00edtica<\/strong><\/p>\n<table width=\"728\">\n<tbody>\n<tr>\n<td width=\"344\"><strong>\u00a0<\/strong><\/p>\n<p style=\"text-align: center;\"><strong>\u00a0<\/strong><\/p>\n<p style=\"text-align: center;\"><strong>\u00a0<\/strong><\/p>\n<p style=\"text-align: center;\"><strong>Dip. <\/strong><strong>Alfredo S\u00e1nchez Esquivel<\/strong><\/p>\n<p style=\"text-align: center;\"><strong>Presidente<\/strong><\/p>\n<\/td>\n<td style=\"text-align: center;\" width=\"385\"><strong>\u00a0<\/strong><\/p>\n<p><strong>\u00a0<\/strong><\/p>\n<p><strong>\u00a0<\/strong><\/p>\n<p><strong>Dip. H\u00e9ctor Apreza Patr\u00f3n<\/strong><\/p>\n<p><strong>Secretario<\/strong><\/td>\n<\/tr>\n<tr>\n<td style=\"text-align: center;\" width=\"344\"><strong>\u00a0<\/strong><\/p>\n<p><strong>\u00a0<\/strong><\/p>\n<p><strong>\u00a0<\/strong><\/p>\n<p><strong>Dip. Bernardo Ortega Jim\u00e9nez<\/strong><\/p>\n<p><strong>Vocal<\/strong><\/td>\n<td width=\"385\">\n<p style=\"text-align: center;\"><strong>\u00a0<\/strong><\/p>\n<p style=\"text-align: center;\"><strong>\u00a0<\/strong><\/p>\n<p style=\"text-align: center;\"><strong>\u00a0<\/strong><\/p>\n<p style=\"text-align: center;\"><strong>Dip. Manuel Qui\u00f1onez Cortes<\/strong><\/p>\n<p style=\"text-align: center;\"><strong>Vocal<\/strong><\/p>\n<\/td>\n<\/tr>\n<tr>\n<td style=\"text-align: center;\" width=\"344\"><strong>\u00a0<\/strong><\/p>\n<p><strong>\u00a0<\/strong><\/p>\n<p><strong>\u00a0<\/strong><\/p>\n<p><strong>Dip. Zoraida Abril Cruz Tenorio<\/strong><\/p>\n<p><strong>Vocal<\/strong><\/td>\n<td width=\"385\">\n<p style=\"text-align: center;\"><strong>\u00a0<\/strong><\/p>\n<p style=\"text-align: center;\"><strong>\u00a0<\/strong><\/p>\n<p style=\"text-align: center;\"><strong>\u00a0<\/strong><\/p>\n<p style=\"text-align: center;\"><strong>Dip. Guadalupe Gonz\u00e1lez Su\u00e1stegui<\/strong><\/p>\n<p style=\"text-align: center;\"><strong>Vocal<\/strong><\/p>\n<\/td>\n<\/tr>\n<tr>\n<td colspan=\"2\" width=\"728\"><strong>\u00a0<\/strong><\/td>\n<\/tr>\n<\/tbody>\n<\/table>\n<pre style=\"text-align: justify;\">La presente hoja de firmas de los diputados integrantes de la Junta de Coordinaci\u00f3n Pol\u00edtica, corresponde al comunicado de consulta ciudadana en el proceso de selecci\u00f3n y elecci\u00f3n de la o el \u00a0Presidente de la Comisi\u00f3n de los Derechos Humanos del Estado de Guerrero<\/pre>\n<p style=\"text-align: center;\"><a href=\"http:\/\/congresogro.gob.mx\/62\/aspirantes-presidente-derechos-humanos\/COMUNICADO-LISTAS-DE-ASPIRANTES.pdf\">Descargar documento firmado<\/a><\/p>\n<p>\n<\/div><\/div><\/div><\/div><\/div><\/div><\/div><!-- cell_inner --><\/div><!-- cell --><\/div><!-- port --><\/section>\n","protected":false},"excerpt":{"rendered":"","protected":false},"author":1,"featured_media":0,"parent":0,"menu_order":0,"comment_status":"closed","ping_status":"closed","template":"","meta":{"footnotes":""},"class_list":["post-6258","page","type-page","status-publish","hentry"],"yoast_head":"<!-- This site is optimized with the Yoast SEO plugin v23.5 - https:\/\/yoast.com\/wordpress\/plugins\/seo\/ -->\n<title>Lista de aspirantes registrados para presidente de la Comisi\u00f3n de los Derechos Humanos del Estado de Guerrero - Congreso del Estado de Guerrero<\/title>\n<meta name=\"robots\" content=\"index, follow, max-snippet:-1, max-image-preview:large, max-video-preview:-1\" \/>\n<link rel=\"canonical\" href=\"https:\/\/congresogro.gob.mx\/62\/inicio\/lista-de-aspirantes-registrados-para-presidente-de-la-comision-de-los-derechos-humanos-del-estado-de-guerrero\/\" \/>\n<meta property=\"og:locale\" content=\"es_MX\" \/>\n<meta property=\"og:type\" content=\"article\" \/>\n<meta property=\"og:title\" content=\"Lista de aspirantes registrados para presidente de la Comisi\u00f3n de los Derechos Humanos del Estado de Guerrero - Congreso del Estado de Guerrero\" \/>\n<meta property=\"og:url\" content=\"https:\/\/congresogro.gob.mx\/62\/inicio\/lista-de-aspirantes-registrados-para-presidente-de-la-comision-de-los-derechos-humanos-del-estado-de-guerrero\/\" \/>\n<meta property=\"og:site_name\" content=\"Congreso del Estado de Guerrero\" \/>\n<meta property=\"article:modified_time\" content=\"2021-10-11T18:40:25+00:00\" \/>\n<meta name=\"twitter:card\" content=\"summary_large_image\" \/>\n<meta name=\"twitter:label1\" content=\"Tiempo de lectura\" \/>\n\t<meta name=\"twitter:data1\" content=\"3 minutos\" \/>\n<script type=\"application\/ld+json\" class=\"yoast-schema-graph\">{\"@context\":\"https:\/\/schema.org\",\"@graph\":[{\"@type\":\"WebPage\",\"@id\":\"https:\/\/congresogro.gob.mx\/62\/inicio\/lista-de-aspirantes-registrados-para-presidente-de-la-comision-de-los-derechos-humanos-del-estado-de-guerrero\/\",\"url\":\"https:\/\/congresogro.gob.mx\/62\/inicio\/lista-de-aspirantes-registrados-para-presidente-de-la-comision-de-los-derechos-humanos-del-estado-de-guerrero\/\",\"name\":\"Lista de aspirantes registrados para presidente de la Comisi\u00f3n de los Derechos Humanos del Estado de Guerrero - Congreso del Estado de Guerrero\",\"isPartOf\":{\"@id\":\"https:\/\/congresogro.gob.mx\/62\/inicio\/#website\"},\"datePublished\":\"2021-04-28T02:25:38+00:00\",\"dateModified\":\"2021-10-11T18:40:25+00:00\",\"breadcrumb\":{\"@id\":\"https:\/\/congresogro.gob.mx\/62\/inicio\/lista-de-aspirantes-registrados-para-presidente-de-la-comision-de-los-derechos-humanos-del-estado-de-guerrero\/#breadcrumb\"},\"inLanguage\":\"es\",\"potentialAction\":[{\"@type\":\"ReadAction\",\"target\":[\"https:\/\/congresogro.gob.mx\/62\/inicio\/lista-de-aspirantes-registrados-para-presidente-de-la-comision-de-los-derechos-humanos-del-estado-de-guerrero\/\"]}]},{\"@type\":\"BreadcrumbList\",\"@id\":\"https:\/\/congresogro.gob.mx\/62\/inicio\/lista-de-aspirantes-registrados-para-presidente-de-la-comision-de-los-derechos-humanos-del-estado-de-guerrero\/#breadcrumb\",\"itemListElement\":[{\"@type\":\"ListItem\",\"position\":1,\"name\":\"Inicio\",\"item\":\"https:\/\/congresogro.gob.mx\/62\/inicio\/\"},{\"@type\":\"ListItem\",\"position\":2,\"name\":\"Lista de aspirantes registrados para presidente de la Comisi\u00f3n de los Derechos Humanos del Estado de Guerrero\"}]},{\"@type\":\"WebSite\",\"@id\":\"https:\/\/congresogro.gob.mx\/62\/inicio\/#website\",\"url\":\"https:\/\/congresogro.gob.mx\/62\/inicio\/\",\"name\":\"Congreso del Estado de Guerrero\",\"description\":\"LXII LEGISLATURA\",\"potentialAction\":[{\"@type\":\"SearchAction\",\"target\":{\"@type\":\"EntryPoint\",\"urlTemplate\":\"https:\/\/congresogro.gob.mx\/62\/inicio\/?s={search_term_string}\"},\"query-input\":{\"@type\":\"PropertyValueSpecification\",\"valueRequired\":true,\"valueName\":\"search_term_string\"}}],\"inLanguage\":\"es\"}]}<\/script>\n<!-- \/ Yoast SEO plugin. -->","yoast_head_json":{"title":"Lista de aspirantes registrados para presidente de la Comisi\u00f3n de los Derechos Humanos del Estado de Guerrero - Congreso del Estado de Guerrero","robots":{"index":"index","follow":"follow","max-snippet":"max-snippet:-1","max-image-preview":"max-image-preview:large","max-video-preview":"max-video-preview:-1"},"canonical":"https:\/\/congresogro.gob.mx\/62\/inicio\/lista-de-aspirantes-registrados-para-presidente-de-la-comision-de-los-derechos-humanos-del-estado-de-guerrero\/","og_locale":"es_MX","og_type":"article","og_title":"Lista de aspirantes registrados para presidente de la Comisi\u00f3n de los Derechos Humanos del Estado de Guerrero - Congreso del Estado de Guerrero","og_url":"https:\/\/congresogro.gob.mx\/62\/inicio\/lista-de-aspirantes-registrados-para-presidente-de-la-comision-de-los-derechos-humanos-del-estado-de-guerrero\/","og_site_name":"Congreso del Estado de Guerrero","article_modified_time":"2021-10-11T18:40:25+00:00","twitter_card":"summary_large_image","twitter_misc":{"Tiempo de lectura":"3 minutos"},"schema":{"@context":"https:\/\/schema.org","@graph":[{"@type":"WebPage","@id":"https:\/\/congresogro.gob.mx\/62\/inicio\/lista-de-aspirantes-registrados-para-presidente-de-la-comision-de-los-derechos-humanos-del-estado-de-guerrero\/","url":"https:\/\/congresogro.gob.mx\/62\/inicio\/lista-de-aspirantes-registrados-para-presidente-de-la-comision-de-los-derechos-humanos-del-estado-de-guerrero\/","name":"Lista de aspirantes registrados para presidente de la Comisi\u00f3n de los Derechos Humanos del Estado de Guerrero - Congreso del Estado de Guerrero","isPartOf":{"@id":"https:\/\/congresogro.gob.mx\/62\/inicio\/#website"},"datePublished":"2021-04-28T02:25:38+00:00","dateModified":"2021-10-11T18:40:25+00:00","breadcrumb":{"@id":"https:\/\/congresogro.gob.mx\/62\/inicio\/lista-de-aspirantes-registrados-para-presidente-de-la-comision-de-los-derechos-humanos-del-estado-de-guerrero\/#breadcrumb"},"inLanguage":"es","potentialAction":[{"@type":"ReadAction","target":["https:\/\/congresogro.gob.mx\/62\/inicio\/lista-de-aspirantes-registrados-para-presidente-de-la-comision-de-los-derechos-humanos-del-estado-de-guerrero\/"]}]},{"@type":"BreadcrumbList","@id":"https:\/\/congresogro.gob.mx\/62\/inicio\/lista-de-aspirantes-registrados-para-presidente-de-la-comision-de-los-derechos-humanos-del-estado-de-guerrero\/#breadcrumb","itemListElement":[{"@type":"ListItem","position":1,"name":"Inicio","item":"https:\/\/congresogro.gob.mx\/62\/inicio\/"},{"@type":"ListItem","position":2,"name":"Lista de aspirantes registrados para presidente de la Comisi\u00f3n de los Derechos Humanos del Estado de Guerrero"}]},{"@type":"WebSite","@id":"https:\/\/congresogro.gob.mx\/62\/inicio\/#website","url":"https:\/\/congresogro.gob.mx\/62\/inicio\/","name":"Congreso del Estado de Guerrero","description":"LXII LEGISLATURA","potentialAction":[{"@type":"SearchAction","target":{"@type":"EntryPoint","urlTemplate":"https:\/\/congresogro.gob.mx\/62\/inicio\/?s={search_term_string}"},"query-input":{"@type":"PropertyValueSpecification","valueRequired":true,"valueName":"search_term_string"}}],"inLanguage":"es"}]}},"_links":{"self":[{"href":"https:\/\/congresogro.gob.mx\/62\/inicio\/wp-json\/wp\/v2\/pages\/6258","targetHints":{"allow":["GET"]}}],"collection":[{"href":"https:\/\/congresogro.gob.mx\/62\/inicio\/wp-json\/wp\/v2\/pages"}],"about":[{"href":"https:\/\/congresogro.gob.mx\/62\/inicio\/wp-json\/wp\/v2\/types\/page"}],"author":[{"embeddable":true,"href":"https:\/\/congresogro.gob.mx\/62\/inicio\/wp-json\/wp\/v2\/users\/1"}],"replies":[{"embeddable":true,"href":"https:\/\/congresogro.gob.mx\/62\/inicio\/wp-json\/wp\/v2\/comments?post=6258"}],"version-history":[{"count":11,"href":"https:\/\/congresogro.gob.mx\/62\/inicio\/wp-json\/wp\/v2\/pages\/6258\/revisions"}],"predecessor-version":[{"id":6273,"href":"https:\/\/congresogro.gob.mx\/62\/inicio\/wp-json\/wp\/v2\/pages\/6258\/revisions\/6273"}],"wp:attachment":[{"href":"https:\/\/congresogro.gob.mx\/62\/inicio\/wp-json\/wp\/v2\/media?parent=6258"}],"curies":[{"name":"wp","href":"https:\/\/api.w.org\/{rel}","templated":true}]}}